{"id":1251,"date":"2023-05-30T14:06:51","date_gmt":"2023-05-30T14:06:51","guid":{"rendered":"https:\/\/www.justwondering.io\/?page_id=1251"},"modified":"2023-06-01T07:52:07","modified_gmt":"2023-06-01T07:52:07","slug":"get-involved-in-the-production-process","status":"publish","type":"page","link":"https:\/\/justwondering.io\/ro\/get-involved-in-the-production-process\/","title":{"rendered":"Get involved in the production process"},"content":{"rendered":"<img loading=\"lazy\" decoding=\"async\" src=\"https:\/\/www.justwondering.io\/wp-content\/uploads\/2023\/05\/Icon-01-recurring-collab-alpha-300x300.png\" alt=\"Icon-01-recurring collab-alpha\" itemprop=\"image\" height=\"300\" width=\"300\" title=\"Icon-01-recurring collab-alpha\" onerror=\"this.style.display='none'\"  \/>\n<h3>\n\t\tget involved in the production process&#8230;\n\t<\/h3>\n\t<p>Video-essays are just not the same without music and impossible to make without someone recording them&#8230;<\/p>\n<p>We know this very well, and this is why we are looking for people interested in collaborating creatively with us!<\/p>\n<h4>\n\t\tWhat are we looking for?\n\t<\/h4>\n\t<p>If you&#8217;re a music composer interested in working with us please send us some samples of your work containing previews of soundscapes that you&#8217;ve made which you think will fit well with our channel and we&#8217;ll reach you back to discuss the details of the collaboration.<\/p>\n\t<p>If you&#8217;re a voice actor interested in working with us please send us a recording sample containing one passage (of your choice) from one of our videos (150-250 words) and we&#8217;ll reach back to you to discuss further details regarding the collaboration.<\/p>\n<h4>\n\t\tRemuneration&#8230;\n\t<\/h4>\n\t<p>We know <strong>creative and intellectual work<em> is<\/em> work, and it should be paid! &#x2764;<\/strong>. However, at the moment, we are unable to properly pay our collaborators (or ourselves for that matter&#8230;) For this reason, most of our collaborations are unpaid at the moment and <strong>there isn&#8217;t any remuneration involved, unless videos are supported by external grants<\/strong>.<\/p>\n<p>This will hopefully change, as our <strong><a href=\"https:\/\/www.patreon.com\/justwondering\">Patreon<\/a><\/strong>, \u0219i <strong><a href=\"https:\/\/ko-fi.com\/justwondering\">Ko-fi<\/a><\/strong> page are growing. So, whenever we&#8217;ll be able to guarantee remuneration for the work involved, we&#8217;ll update this section right away.<\/p>\n<h3>\n\t\tpast &#038; present collaborators&#8230;\n\t<\/h3>\n\t<p>Adrian Feener &#8211; <strong>Compozi\u021bie muzical\u0103<\/strong><\/p>\n<p>Andrei Bobi\u0219 from Cirkular Studio &#8211; <strong>Compozi\u021bie muzical\u0103<\/strong><\/p>\n<p>Oana Cristina Pu\u0219catu &#8211;<strong> Nara\u021biune \u0219i actorie<\/strong><\/p>\n<p>Teodora Retegan &#8211;<strong> Nara\u021biune \u0219i actorie<\/strong><\/p>\n<p>BAB &#8211;<strong> Compozi\u021bie muzical\u0103<\/strong><\/p>\n\t<p>De-a lungul timpului am lucrat cu multe persoane incredibil de talentate, care au participat fie profund \u0219i direct \u00een produc\u021bia video-urilor f\u0103c\u00e2nd ilustra\u021bii, anima\u021bie sau cercetare pentru texte, fie ne-au dat sfaturi pre\u021bioase c\u00e2nd a fost nevoie. Majoritatea numelor lor le ve\u021bi g\u0103si \u00een descrierea de pe Youtube a fiec\u0103rui video \u00een parte. Sutem foarte recunosc\u0103tori tuturor acestor persoane, inclusiv albinelor ce au polenizat ecosistemele \u00eentre timp.<\/p>","protected":false},"excerpt":{"rendered":"<p>get involved in the production process&#8230; Video-essays are just not the same without music and impossible to make without someone recording them&#8230; We know this very well, and this is why we are looking for people interested in collaborating creatively with us! What are we looking for? If you&#8217;re a music composer interested in working&hellip;<\/p>","protected":false},"author":1,"featured_media":0,"parent":0,"menu_order":0,"comment_status":"closed","ping_status":"closed","template":"","meta":{"footnotes":""},"class_list":["post-1251","page","type-page","status-publish","hentry"],"yoast_head":"<!-- This site is optimized with the Yoast SEO plugin v27.1.1 - https:\/\/yoast.com\/product\/yoast-seo-wordpress\/ -->\n<title>Get involved in the production process | just wondering...<\/title>\n<meta name=\"description\" content=\"Video-essays are just not the same without music and impossible to make without someone recording them...We know this very well, and this is why we are looking for people interested in collaborating creatively with us!\" \/>\n<meta name=\"robots\" content=\"index, follow, max-snippet:-1, max-image-preview:large, max-video-preview:-1\" \/>\n<link rel=\"canonical\" href=\"https:\/\/justwondering.io\/ro\/get-involved-in-the-production-process\/\" \/>\n<meta property=\"og:locale\" content=\"ro_RO\" \/>\n<meta property=\"og:type\" content=\"article\" \/>\n<meta property=\"og:title\" content=\"Get involved in the production process | just wondering...\" \/>\n<meta property=\"og:description\" content=\"Video-essays are just not the same without music and impossible to make without someone recording them...We know this very well, and this is why we are looking for people interested in collaborating creatively with us!\" \/>\n<meta property=\"og:url\" content=\"https:\/\/justwondering.io\/ro\/get-involved-in-the-production-process\/\" \/>\n<meta property=\"og:site_name\" content=\"just wondering...\" \/>\n<meta property=\"article:publisher\" content=\"https:\/\/www.facebook.com\/justwonderingyt\" \/>\n<meta property=\"article:modified_time\" content=\"2023-06-01T07:52:07+00:00\" \/>\n<meta property=\"og:image\" content=\"https:\/\/www.justwondering.io\/wp-content\/uploads\/2023\/05\/Icon-01-recurring-collab-alpha-300x300.png\" \/>\n<meta name=\"twitter:card\" content=\"summary_large_image\" \/>\n<meta name=\"twitter:site\" content=\"@justwonderingyt\" \/>\n<meta name=\"twitter:label1\" content=\"Timp estimat pentru citire\" \/>\n\t<meta name=\"twitter:data1\" content=\"2 minute\" \/>\n<script type=\"application\/ld+json\" class=\"yoast-schema-graph\">{\"@context\":\"https:\/\/schema.org\",\"@graph\":[{\"@type\":\"WebPage\",\"@id\":\"https:\/\/justwondering.io\/ro\/get-involved-in-the-production-process\/\",\"url\":\"https:\/\/justwondering.io\/ro\/get-involved-in-the-production-process\/\",\"name\":\"Get involved in the production process | just wondering...\",\"isPartOf\":{\"@id\":\"https:\/\/justwondering.io\/#website\"},\"primaryImageOfPage\":{\"@id\":\"https:\/\/justwondering.io\/ro\/get-involved-in-the-production-process\/#primaryimage\"},\"image\":{\"@id\":\"https:\/\/justwondering.io\/ro\/get-involved-in-the-production-process\/#primaryimage\"},\"thumbnailUrl\":\"https:\/\/www.justwondering.io\/wp-content\/uploads\/2023\/05\/Icon-01-recurring-collab-alpha-300x300.png\",\"datePublished\":\"2023-05-30T14:06:51+00:00\",\"dateModified\":\"2023-06-01T07:52:07+00:00\",\"description\":\"Video-essays are just not the same without music and impossible to make without someone recording them...We know this very well, and this is why we are looking for people interested in collaborating creatively with us!\",\"breadcrumb\":{\"@id\":\"https:\/\/justwondering.io\/ro\/get-involved-in-the-production-process\/#breadcrumb\"},\"inLanguage\":\"ro-RO\",\"potentialAction\":[{\"@type\":\"ReadAction\",\"target\":[\"https:\/\/justwondering.io\/ro\/get-involved-in-the-production-process\/\"]}]},{\"@type\":\"ImageObject\",\"inLanguage\":\"ro-RO\",\"@id\":\"https:\/\/justwondering.io\/ro\/get-involved-in-the-production-process\/#primaryimage\",\"url\":\"https:\/\/www.justwondering.io\/wp-content\/uploads\/2023\/05\/Icon-01-recurring-collab-alpha-300x300.png\",\"contentUrl\":\"https:\/\/www.justwondering.io\/wp-content\/uploads\/2023\/05\/Icon-01-recurring-collab-alpha-300x300.png\"},{\"@type\":\"BreadcrumbList\",\"@id\":\"https:\/\/justwondering.io\/ro\/get-involved-in-the-production-process\/#breadcrumb\",\"itemListElement\":[{\"@type\":\"ListItem\",\"position\":1,\"name\":\"Home\",\"item\":\"https:\/\/justwondering.io\/\"},{\"@type\":\"ListItem\",\"position\":2,\"name\":\"Get involved in the production process\"}]},{\"@type\":\"WebSite\",\"@id\":\"https:\/\/justwondering.io\/#website\",\"url\":\"https:\/\/justwondering.io\/\",\"name\":\"just wondering...\",\"description\":\"Critical &amp; speculative animated essays. Exploring antispeciesism, posthumanism, social &amp; environmental justice.\",\"publisher\":{\"@id\":\"https:\/\/justwondering.io\/#organization\"},\"potentialAction\":[{\"@type\":\"SearchAction\",\"target\":{\"@type\":\"EntryPoint\",\"urlTemplate\":\"https:\/\/justwondering.io\/?s={search_term_string}\"},\"query-input\":{\"@type\":\"PropertyValueSpecification\",\"valueRequired\":true,\"valueName\":\"search_term_string\"}}],\"inLanguage\":\"ro-RO\"},{\"@type\":\"Organization\",\"@id\":\"https:\/\/justwondering.io\/#organization\",\"name\":\"just wondering...\",\"url\":\"https:\/\/justwondering.io\/\",\"logo\":{\"@type\":\"ImageObject\",\"inLanguage\":\"ro-RO\",\"@id\":\"https:\/\/justwondering.io\/#\/schema\/logo\/image\/\",\"url\":\"https:\/\/justwondering.io\/wp-content\/uploads\/2022\/11\/JW-logo.png\",\"contentUrl\":\"https:\/\/justwondering.io\/wp-content\/uploads\/2022\/11\/JW-logo.png\",\"width\":1000,\"height\":300,\"caption\":\"just wondering...\"},\"image\":{\"@id\":\"https:\/\/justwondering.io\/#\/schema\/logo\/image\/\"},\"sameAs\":[\"https:\/\/www.facebook.com\/justwonderingyt\",\"https:\/\/x.com\/justwonderingyt\",\"https:\/\/www.youtube.com\/c\/justwondering\",\"https:\/\/www.instagram.com\/justwondering.io\/\"]}]}<\/script>\n<!-- \/ Yoast SEO plugin. -->","yoast_head_json":{"title":"Get involved in the production process | just wondering...","description":"Video-essays are just not the same without music and impossible to make without someone recording them...We know this very well, and this is why we are looking for people interested in collaborating creatively with us!","robots":{"index":"index","follow":"follow","max-snippet":"max-snippet:-1","max-image-preview":"max-image-preview:large","max-video-preview":"max-video-preview:-1"},"canonical":"https:\/\/justwondering.io\/ro\/get-involved-in-the-production-process\/","og_locale":"ro_RO","og_type":"article","og_title":"Get involved in the production process | just wondering...","og_description":"Video-essays are just not the same without music and impossible to make without someone recording them...We know this very well, and this is why we are looking for people interested in collaborating creatively with us!","og_url":"https:\/\/justwondering.io\/ro\/get-involved-in-the-production-process\/","og_site_name":"just wondering...","article_publisher":"https:\/\/www.facebook.com\/justwonderingyt","article_modified_time":"2023-06-01T07:52:07+00:00","og_image":[{"url":"https:\/\/www.justwondering.io\/wp-content\/uploads\/2023\/05\/Icon-01-recurring-collab-alpha-300x300.png","type":"","width":"","height":""}],"twitter_card":"summary_large_image","twitter_site":"@justwonderingyt","twitter_misc":{"Timp estimat pentru citire":"2 minute"},"schema":{"@context":"https:\/\/schema.org","@graph":[{"@type":"WebPage","@id":"https:\/\/justwondering.io\/ro\/get-involved-in-the-production-process\/","url":"https:\/\/justwondering.io\/ro\/get-involved-in-the-production-process\/","name":"Get involved in the production process | just wondering...","isPartOf":{"@id":"https:\/\/justwondering.io\/#website"},"primaryImageOfPage":{"@id":"https:\/\/justwondering.io\/ro\/get-involved-in-the-production-process\/#primaryimage"},"image":{"@id":"https:\/\/justwondering.io\/ro\/get-involved-in-the-production-process\/#primaryimage"},"thumbnailUrl":"https:\/\/www.justwondering.io\/wp-content\/uploads\/2023\/05\/Icon-01-recurring-collab-alpha-300x300.png","datePublished":"2023-05-30T14:06:51+00:00","dateModified":"2023-06-01T07:52:07+00:00","description":"Video-essays are just not the same without music and impossible to make without someone recording them...We know this very well, and this is why we are looking for people interested in collaborating creatively with us!","breadcrumb":{"@id":"https:\/\/justwondering.io\/ro\/get-involved-in-the-production-process\/#breadcrumb"},"inLanguage":"ro-RO","potentialAction":[{"@type":"ReadAction","target":["https:\/\/justwondering.io\/ro\/get-involved-in-the-production-process\/"]}]},{"@type":"ImageObject","inLanguage":"ro-RO","@id":"https:\/\/justwondering.io\/ro\/get-involved-in-the-production-process\/#primaryimage","url":"https:\/\/www.justwondering.io\/wp-content\/uploads\/2023\/05\/Icon-01-recurring-collab-alpha-300x300.png","contentUrl":"https:\/\/www.justwondering.io\/wp-content\/uploads\/2023\/05\/Icon-01-recurring-collab-alpha-300x300.png"},{"@type":"BreadcrumbList","@id":"https:\/\/justwondering.io\/ro\/get-involved-in-the-production-process\/#breadcrumb","itemListElement":[{"@type":"ListItem","position":1,"name":"Home","item":"https:\/\/justwondering.io\/"},{"@type":"ListItem","position":2,"name":"Get involved in the production process"}]},{"@type":"WebSite","@id":"https:\/\/justwondering.io\/#website","url":"https:\/\/justwondering.io\/","name":"just wondering...","description":"Critical &amp; speculative animated essays. Exploring antispeciesism, posthumanism, social &amp; environmental justice.","publisher":{"@id":"https:\/\/justwondering.io\/#organization"},"potentialAction":[{"@type":"SearchAction","target":{"@type":"EntryPoint","urlTemplate":"https:\/\/justwondering.io\/?s={search_term_string}"},"query-input":{"@type":"PropertyValueSpecification","valueRequired":true,"valueName":"search_term_string"}}],"inLanguage":"ro-RO"},{"@type":"Organization","@id":"https:\/\/justwondering.io\/#organization","name":"just wondering...","url":"https:\/\/justwondering.io\/","logo":{"@type":"ImageObject","inLanguage":"ro-RO","@id":"https:\/\/justwondering.io\/#\/schema\/logo\/image\/","url":"https:\/\/justwondering.io\/wp-content\/uploads\/2022\/11\/JW-logo.png","contentUrl":"https:\/\/justwondering.io\/wp-content\/uploads\/2022\/11\/JW-logo.png","width":1000,"height":300,"caption":"just wondering..."},"image":{"@id":"https:\/\/justwondering.io\/#\/schema\/logo\/image\/"},"sameAs":["https:\/\/www.facebook.com\/justwonderingyt","https:\/\/x.com\/justwonderingyt","https:\/\/www.youtube.com\/c\/justwondering","https:\/\/www.instagram.com\/justwondering.io\/"]}]}},"_links":{"self":[{"href":"https:\/\/justwondering.io\/ro\/wp-json\/wp\/v2\/pages\/1251","targetHints":{"allow":["GET"]}}],"collection":[{"href":"https:\/\/justwondering.io\/ro\/wp-json\/wp\/v2\/pages"}],"about":[{"href":"https:\/\/justwondering.io\/ro\/wp-json\/wp\/v2\/types\/page"}],"author":[{"embeddable":true,"href":"https:\/\/justwondering.io\/ro\/wp-json\/wp\/v2\/users\/1"}],"replies":[{"embeddable":true,"href":"https:\/\/justwondering.io\/ro\/wp-json\/wp\/v2\/comments?post=1251"}],"version-history":[{"count":18,"href":"https:\/\/justwondering.io\/ro\/wp-json\/wp\/v2\/pages\/1251\/revisions"}],"predecessor-version":[{"id":1313,"href":"https:\/\/justwondering.io\/ro\/wp-json\/wp\/v2\/pages\/1251\/revisions\/1313"}],"wp:attachment":[{"href":"https:\/\/justwondering.io\/ro\/wp-json\/wp\/v2\/media?parent=1251"}],"curies":[{"name":"wp","href":"https:\/\/api.w.org\/{rel}","templated":true}]}}