{"id":1535,"date":"2023-11-24T13:09:04","date_gmt":"2023-11-24T13:09:04","guid":{"rendered":"https:\/\/www.justwondering.io\/?page_id=1535"},"modified":"2025-12-18T11:08:06","modified_gmt":"2025-12-18T11:08:06","slug":"collaborations","status":"publish","type":"page","link":"https:\/\/justwondering.io\/ro\/collaborations\/","title":{"rendered":"colabor\u0103ri"},"content":{"rendered":"<h3>\n\t\t&#8211; playlist &#8211;\n\t<\/h3>\n<h1>\n\t\t<a href=\"\/ro\/weirdos-crips-and-broken-things-on-the-neurodiversity-movement-futures-beyond-capitalism\/\" title=\"colabor\u0103ri\" target=\"_self\">\n\t\tcolabor\u0103ri\n\t\t<\/a>\n\t<\/h1>\n\t<p>A meeting point with other writers, researchers and activists, this playlist makes possible animated essays we couldn&#8217;t have written: it is a place of exchange, where we work together on a script\/text and then take on the entire work of transforming it into an audio-visual piece. Within it, we prioritize issues of social, climate and multispecies justice, aiming to put forth into the world particular, situated and liberatory ways of thinking.<\/p>\n\t\t\t<a href=\"https:\/\/youtube.com\/playlist?list=PLYwRoppBbEemamYf_EOPuu5winoZK0QMJ&#038;feature=shared\" target=\"_self\">\n\t\t\t\t\t\tvezi pe youtube\n\t\t\t\t\t<\/a>\n\t\t\t\t<a href=\"https:\/\/justwondering.io\/ro\/weirdos-crips-and-broken-things-on-the-neurodiversity-movement-futures-beyond-capitalism\/\" target=\"_self\" itemprop=\"url\">\n\t\t\t\t<img decoding=\"async\" src=\"https:\/\/www.justwondering.io\/wp-content\/uploads\/2023\/11\/Colab-07-Neurodivergent-crip-Thumbnail.png\" alt=\"Colab-07-Neurodivergent-crip-Thumbnail\" itemprop=\"image\" title=\"Colab-07-Neurodivergent-crip-Thumbnail\" onerror=\"this.style.display='none'\"  \/>\n\t\t\t\t<\/a>\n\t\t<h5><a href=\"https:\/\/justwondering.io\/ro\/weirdos-crips-and-broken-things-on-the-neurodiversity-movement-futures-beyond-capitalism\/\" target=\"_self\">weirdos, crips and broken things: on the neurodiversity movement &#038; futures beyond capitalism<\/a><\/h5>\t\t\n\t\t\tA deep-dive into a personal\/political story of (non)belonging, understanding one&#8217;s identity and finding one&#8217;s community. In this video you&#8217;ll find a theoretical introduction to the neurodiversity movement, exploring its main ideas and arguments. The narration delves into topics such as labels, mad\/disabled\/neurodivergent identity, oppression and collective liberation, all from within a path of becoming at home within the autistic body\/mind.<br \/>\n\n\t\t\t<a href=\"https:\/\/justwondering.io\/ro\/weirdos-crips-and-broken-things-on-the-neurodiversity-movement-futures-beyond-capitalism\/\" target=\"_self\">\n\t\t\t\t\t\tWatch video &#038; Read essay\n\t\t\t\t\t<\/a>\n\t\t\t\t<a href=\"https:\/\/youtu.be\/yQiPHJ7EaR8\" target=\"_self\" itemprop=\"url\">\n\t\t\t\t<img decoding=\"async\" src=\"https:\/\/www.justwondering.io\/wp-content\/uploads\/2023\/05\/Colab-06-Planthropocene-Thumbnail.png\" alt=\"Planthropocene - just wondering\" itemprop=\"image\" title=\"Planthropocene - just wondering\" onerror=\"this.style.display='none'\"  \/>\n\t\t\t\t<\/a>\n\t\t<h5><a href=\"https:\/\/youtu.be\/yQiPHJ7EaR8\" target=\"_self\">Into the Planthroposcene &#8211; together with the photosynthetic ones<\/a><\/h5>\t\t\n\t\t\t<p>How present are plants in your life? Do you notice them, or consider them part of the background? This video explores the relationships we have with the photosynthetic ones &#8211; those beings thanks to whom we can breathe, and thus be alive. By learning to listen to the vegetal world, the Planthroposcene pushes us to explore other ways of being human and thus disrupt colonial and anthropocentric understandings of what plants are.<\/p>\n\t\t\t<a href=\"https:\/\/youtu.be\/yQiPHJ7EaR8\" target=\"_self\">\n\t\t\t\t\t\tUrm\u0103re\u0219te video-ul\n\t\t\t\t\t<\/a>\n\t\t\t\t<a href=\"https:\/\/youtu.be\/Q5L4JPc2fdQ\" target=\"_self\" itemprop=\"url\">\n\t\t\t\t<img decoding=\"async\" src=\"https:\/\/www.justwondering.io\/wp-content\/uploads\/2022\/02\/Thumbnail-African-Swine-fever.png\" alt=\"African-Swine-fever\" itemprop=\"image\" title=\"African-Swine-fever\" onerror=\"this.style.display='none'\"  \/>\n\t\t\t\t<\/a>\n\t\t<h5><a href=\"https:\/\/youtu.be\/Q5L4JPc2fdQ\" target=\"_self\">Unde sunt porcii? Pesta Porcin\u0103 African\u0103 \u00een Ansambluri Mortale<\/a><\/h5>\t\t\n\t\t\t<p>This is an exploration and commemoration of a deadly pig pandemic and the lives it touched. It&#8217;s created by humans who believe it is important to find ways to respond to this catastrophe.<\/p>\n\t\t\t<a href=\"https:\/\/youtu.be\/Q5L4JPc2fdQ\" target=\"_self\">\n\t\t\t\t\t\tUrm\u0103re\u0219te video-ul\n\t\t\t\t\t<\/a>\n\t\t\t\t<a href=\"https:\/\/justwondering.io\/ro\/the-roma-woman-at-the-edge-of-the-world\/\" target=\"_self\" itemprop=\"url\">\n\t\t\t\t<img loading=\"lazy\" decoding=\"async\" src=\"https:\/\/justwondering.io\/wp-content\/uploads\/2025\/12\/Thumbnail-Experienta-femeii-rome-selection-award.png\" alt=\"Thumbnail-Experienta-femeii-rome-selection-award\" itemprop=\"image\" height=\"1080\" width=\"1920\" title=\"Thumbnail-Experienta-femeii-rome-selection-award\" onerror=\"this.style.display='none'\"  \/>\n\t\t\t\t<\/a>\n\t\t<h5><a href=\"https:\/\/justwondering.io\/ro\/the-roma-woman-at-the-edge-of-the-world\/\" target=\"_self\">Femeia rom\u0103, la marginea lumii<\/a><\/h5>\t\t\n\t\t\t<p>Ce d\u0103 form\u0103 experien\u021bei unei tinere femei rome? \u00cen acest video-eseu, izabela marin intretaie povestiri din propria via\u021b\u0103 cu teorie feminist\u0103 \u0219i anti-rasist\u0103, pentru a da seama de cumulul de opresiuni \u0219i dureri specifice acestor tr\u0103iri. <\/p>\n\t\t\t<a href=\"https:\/\/justwondering.io\/ro\/the-roma-woman-at-the-edge-of-the-world\/\" target=\"_self\">\n\t\t\t\t\t\tWatch video &#038; Read essay\n\t\t\t\t\t<\/a>\n\t\t\t\t<a href=\"https:\/\/www.youtube.com\/watch?v=3d_kH2hBsOg\" target=\"_self\" itemprop=\"url\">\n\t\t\t\t<img decoding=\"async\" src=\"https:\/\/www.justwondering.io\/wp-content\/uploads\/2021\/04\/Thumbnail-GreyZane-Choreopolitics.png\" alt=\"Choreopolitics\" itemprop=\"image\" title=\"Choreopolitics\" onerror=\"this.style.display='none'\"  \/>\n\t\t\t\t<\/a>\n\t\t<h5><a href=\"https:\/\/www.youtube.com\/watch?v=3d_kH2hBsOg\" target=\"_self\">Our streets: queer &#038; Black bodies in movement and protest<\/a><\/h5>\t\t\n\t\t\tThe video touches upon the concept of choreopolitics &#8211; a theory of body and movements, specifically in the context of protesting for Black lives. <br \/>\n\n\t\t\t<a href=\"https:\/\/www.youtube.com\/watch?v=3d_kH2hBsOg\" target=\"_self\">\n\t\t\t\t\t\tUrm\u0103re\u0219te video-ul\n\t\t\t\t\t<\/a>\n\t\t\t\t<a href=\"https:\/\/youtu.be\/8etO4lcM0yo\" target=\"_self\" itemprop=\"url\">\n\t\t\t\t<img decoding=\"async\" src=\"https:\/\/www.justwondering.io\/wp-content\/uploads\/2021\/02\/Thumbnail-Clare-Morality-as-a-happening.png\" alt=\"Thumbnail-Clare-Morality-as-a-happening\" itemprop=\"image\" title=\"Thumbnail-Clare-Morality-as-a-happening\" onerror=\"this.style.display='none'\"  \/>\n\t\t\t\t<\/a>\n\t\t<h5><a href=\"https:\/\/youtu.be\/8etO4lcM0yo\" target=\"_self\">Etica grijii \u00eempotriva Neoliberalismului<\/a><\/h5>\t\t\n\t\t\tCum putem g\u00e2ndii modalit\u0103\u021bi mai bune de a rezista neoliberalismului? \u0218i cum ar fi dac\u0103 aceste modalit\u0103\u021bi ar fi ac\u021biuni, \u00eent\u00e2mpl\u0103ri, a\u0219a cum propune etica grijii? Acest video a fost f\u0103cut \u00een colaborare cu Riley Valentine, Ph.D studentx \u00een \u0218tiin\u021be Politice. Riley studiaz\u0103 retorica politic\u0103 \u0219i ideologia, g\u00e2ndind etica grijii ca \u0219i alternativ\u0103 la neoliberalism. Inspir\u00e2ndu-se din literatura acestei etici, Riley argumenteaz\u0103 cum grija e un fel de a face \u0219i de a ac\u021biona moral fa\u021b\u0103 de cei din jurul nostru.<br \/>\n\n\t\t\t<a href=\"https:\/\/youtu.be\/8etO4lcM0yo\" target=\"_self\">\n\t\t\t\t\t\tUrm\u0103re\u0219te video-ul\n\t\t\t\t\t<\/a>\n\t\t\t\t<a href=\"https:\/\/youtu.be\/ZhU9p8gWk4A\" target=\"_self\" itemprop=\"url\">\n\t\t\t\t<img decoding=\"async\" src=\"https:\/\/www.justwondering.io\/wp-content\/uploads\/2020\/09\/Thumbnail-Zane-Embodies-Politics-01.png\" alt=\"Embodies Politics\" itemprop=\"image\" title=\"Embodies Politics\" onerror=\"this.style.display='none'\"  \/>\n\t\t\t\t<\/a>\n\t\t<h5><a href=\"https:\/\/youtu.be\/ZhU9p8gWk4A\" target=\"_self\">Mun\u021bi de durere: Biopolitic\u0103 \u0219i Corpul Revendicat<\/a><\/h5>\t\t\n\t\t\t<p>Ne bucur\u0103m s\u0103-l avem pe Z. Zane McNeill la debutul noii serii de colabor\u0103ri cu activi\u0219ti\/e \u0219i cercet\u0103tori\/cercet\u0103toare! \u00cen acest eseu, Zane a scris despre felul \u00een care structurile opresive (\u0219i deci, oarecum, \u0219i eliberarea) sunt gravate \u00een corpurile noastre, folosind teorii de la Eli Clare \u0219i Michel Foucault, \u0219i vorbind onest despre experien\u021bele personale. <\/p>\n\t\t\t<a href=\"https:\/\/youtu.be\/ZhU9p8gWk4A\" target=\"_self\">\n\t\t\t\t\t\tUrm\u0103re\u0219te video-ul\n\t\t\t\t\t<\/a>","protected":false},"excerpt":{"rendered":"<p>&#8211; playlist &#8211; collaborations A meeting point with other writers, researchers and activists, this playlist makes possible animated essays we couldn&#8217;t have written: it is a place of exchange, where we work together on a script\/text and then take on the entire work of transforming it into an audio-visual piece. Within it, we prioritize issues&hellip;<\/p>","protected":false},"author":1,"featured_media":0,"parent":0,"menu_order":0,"comment_status":"closed","ping_status":"closed","template":"","meta":{"footnotes":""},"class_list":["post-1535","page","type-page","status-publish","hentry"],"yoast_head":"<!-- This site is optimized with the Yoast SEO plugin v27.1.1 - https:\/\/yoast.com\/product\/yoast-seo-wordpress\/ -->\n<title>collaborations | just wondering...<\/title>\n<meta name=\"robots\" content=\"index, follow, max-snippet:-1, max-image-preview:large, max-video-preview:-1\" \/>\n<link rel=\"canonical\" href=\"https:\/\/justwondering.io\/ro\/collaborations\/\" \/>\n<meta property=\"og:locale\" content=\"ro_RO\" \/>\n<meta property=\"og:type\" content=\"article\" \/>\n<meta property=\"og:title\" content=\"collaborations | just wondering...\" \/>\n<meta property=\"og:description\" content=\"&#8211; playlist &#8211; collaborations A meeting point with other writers, researchers and activists, this playlist makes possible animated essays we couldn&#8217;t have written: it is a place of exchange, where we work together on a script\/text and then take on the entire work of transforming it into an audio-visual piece. Within it, we prioritize issues&hellip;\" \/>\n<meta property=\"og:url\" content=\"https:\/\/justwondering.io\/ro\/collaborations\/\" \/>\n<meta property=\"og:site_name\" content=\"just wondering...\" \/>\n<meta property=\"article:publisher\" content=\"https:\/\/www.facebook.com\/justwonderingyt\" \/>\n<meta property=\"article:modified_time\" content=\"2025-12-18T11:08:06+00:00\" \/>\n<meta property=\"og:image\" content=\"https:\/\/www.justwondering.io\/wp-content\/uploads\/2023\/11\/Colab-07-Neurodivergent-crip-Thumbnail.png\" \/>\n<meta name=\"twitter:card\" content=\"summary_large_image\" \/>\n<meta name=\"twitter:site\" content=\"@justwonderingyt\" \/>\n<script type=\"application\/ld+json\" class=\"yoast-schema-graph\">{\"@context\":\"https:\/\/schema.org\",\"@graph\":[{\"@type\":\"WebPage\",\"@id\":\"https:\/\/justwondering.io\/collaborations\/\",\"url\":\"https:\/\/justwondering.io\/collaborations\/\",\"name\":\"collaborations | just wondering...\",\"isPartOf\":{\"@id\":\"https:\/\/justwondering.io\/#website\"},\"primaryImageOfPage\":{\"@id\":\"https:\/\/justwondering.io\/collaborations\/#primaryimage\"},\"image\":{\"@id\":\"https:\/\/justwondering.io\/collaborations\/#primaryimage\"},\"thumbnailUrl\":\"https:\/\/www.justwondering.io\/wp-content\/uploads\/2023\/11\/Colab-07-Neurodivergent-crip-Thumbnail.png\",\"datePublished\":\"2023-11-24T13:09:04+00:00\",\"dateModified\":\"2025-12-18T11:08:06+00:00\",\"breadcrumb\":{\"@id\":\"https:\/\/justwondering.io\/collaborations\/#breadcrumb\"},\"inLanguage\":\"ro-RO\",\"potentialAction\":[{\"@type\":\"ReadAction\",\"target\":[\"https:\/\/justwondering.io\/collaborations\/\"]}]},{\"@type\":\"ImageObject\",\"inLanguage\":\"ro-RO\",\"@id\":\"https:\/\/justwondering.io\/collaborations\/#primaryimage\",\"url\":\"https:\/\/www.justwondering.io\/wp-content\/uploads\/2023\/11\/Colab-07-Neurodivergent-crip-Thumbnail.png\",\"contentUrl\":\"https:\/\/www.justwondering.io\/wp-content\/uploads\/2023\/11\/Colab-07-Neurodivergent-crip-Thumbnail.png\"},{\"@type\":\"BreadcrumbList\",\"@id\":\"https:\/\/justwondering.io\/collaborations\/#breadcrumb\",\"itemListElement\":[{\"@type\":\"ListItem\",\"position\":1,\"name\":\"Home\",\"item\":\"https:\/\/justwondering.io\/\"},{\"@type\":\"ListItem\",\"position\":2,\"name\":\"collaborations\"}]},{\"@type\":\"WebSite\",\"@id\":\"https:\/\/justwondering.io\/#website\",\"url\":\"https:\/\/justwondering.io\/\",\"name\":\"just wondering...\",\"description\":\"Critical &amp; speculative animated essays. Exploring antispeciesism, posthumanism, social &amp; environmental justice.\",\"publisher\":{\"@id\":\"https:\/\/justwondering.io\/#organization\"},\"potentialAction\":[{\"@type\":\"SearchAction\",\"target\":{\"@type\":\"EntryPoint\",\"urlTemplate\":\"https:\/\/justwondering.io\/?s={search_term_string}\"},\"query-input\":{\"@type\":\"PropertyValueSpecification\",\"valueRequired\":true,\"valueName\":\"search_term_string\"}}],\"inLanguage\":\"ro-RO\"},{\"@type\":\"Organization\",\"@id\":\"https:\/\/justwondering.io\/#organization\",\"name\":\"just wondering...\",\"url\":\"https:\/\/justwondering.io\/\",\"logo\":{\"@type\":\"ImageObject\",\"inLanguage\":\"ro-RO\",\"@id\":\"https:\/\/justwondering.io\/#\/schema\/logo\/image\/\",\"url\":\"https:\/\/justwondering.io\/wp-content\/uploads\/2022\/11\/JW-logo.png\",\"contentUrl\":\"https:\/\/justwondering.io\/wp-content\/uploads\/2022\/11\/JW-logo.png\",\"width\":1000,\"height\":300,\"caption\":\"just wondering...\"},\"image\":{\"@id\":\"https:\/\/justwondering.io\/#\/schema\/logo\/image\/\"},\"sameAs\":[\"https:\/\/www.facebook.com\/justwonderingyt\",\"https:\/\/x.com\/justwonderingyt\",\"https:\/\/www.youtube.com\/c\/justwondering\",\"https:\/\/www.instagram.com\/justwondering.io\/\"]}]}<\/script>\n<!-- \/ Yoast SEO plugin. -->","yoast_head_json":{"title":"collaborations | just wondering...","robots":{"index":"index","follow":"follow","max-snippet":"max-snippet:-1","max-image-preview":"max-image-preview:large","max-video-preview":"max-video-preview:-1"},"canonical":"https:\/\/justwondering.io\/ro\/collaborations\/","og_locale":"ro_RO","og_type":"article","og_title":"collaborations | just wondering...","og_description":"&#8211; playlist &#8211; collaborations A meeting point with other writers, researchers and activists, this playlist makes possible animated essays we couldn&#8217;t have written: it is a place of exchange, where we work together on a script\/text and then take on the entire work of transforming it into an audio-visual piece. Within it, we prioritize issues&hellip;","og_url":"https:\/\/justwondering.io\/ro\/collaborations\/","og_site_name":"just wondering...","article_publisher":"https:\/\/www.facebook.com\/justwonderingyt","article_modified_time":"2025-12-18T11:08:06+00:00","og_image":[{"url":"https:\/\/www.justwondering.io\/wp-content\/uploads\/2023\/11\/Colab-07-Neurodivergent-crip-Thumbnail.png","type":"","width":"","height":""}],"twitter_card":"summary_large_image","twitter_site":"@justwonderingyt","schema":{"@context":"https:\/\/schema.org","@graph":[{"@type":"WebPage","@id":"https:\/\/justwondering.io\/collaborations\/","url":"https:\/\/justwondering.io\/collaborations\/","name":"collaborations | just wondering...","isPartOf":{"@id":"https:\/\/justwondering.io\/#website"},"primaryImageOfPage":{"@id":"https:\/\/justwondering.io\/collaborations\/#primaryimage"},"image":{"@id":"https:\/\/justwondering.io\/collaborations\/#primaryimage"},"thumbnailUrl":"https:\/\/www.justwondering.io\/wp-content\/uploads\/2023\/11\/Colab-07-Neurodivergent-crip-Thumbnail.png","datePublished":"2023-11-24T13:09:04+00:00","dateModified":"2025-12-18T11:08:06+00:00","breadcrumb":{"@id":"https:\/\/justwondering.io\/collaborations\/#breadcrumb"},"inLanguage":"ro-RO","potentialAction":[{"@type":"ReadAction","target":["https:\/\/justwondering.io\/collaborations\/"]}]},{"@type":"ImageObject","inLanguage":"ro-RO","@id":"https:\/\/justwondering.io\/collaborations\/#primaryimage","url":"https:\/\/www.justwondering.io\/wp-content\/uploads\/2023\/11\/Colab-07-Neurodivergent-crip-Thumbnail.png","contentUrl":"https:\/\/www.justwondering.io\/wp-content\/uploads\/2023\/11\/Colab-07-Neurodivergent-crip-Thumbnail.png"},{"@type":"BreadcrumbList","@id":"https:\/\/justwondering.io\/collaborations\/#breadcrumb","itemListElement":[{"@type":"ListItem","position":1,"name":"Home","item":"https:\/\/justwondering.io\/"},{"@type":"ListItem","position":2,"name":"collaborations"}]},{"@type":"WebSite","@id":"https:\/\/justwondering.io\/#website","url":"https:\/\/justwondering.io\/","name":"just wondering...","description":"Critical &amp; speculative animated essays. Exploring antispeciesism, posthumanism, social &amp; environmental justice.","publisher":{"@id":"https:\/\/justwondering.io\/#organization"},"potentialAction":[{"@type":"SearchAction","target":{"@type":"EntryPoint","urlTemplate":"https:\/\/justwondering.io\/?s={search_term_string}"},"query-input":{"@type":"PropertyValueSpecification","valueRequired":true,"valueName":"search_term_string"}}],"inLanguage":"ro-RO"},{"@type":"Organization","@id":"https:\/\/justwondering.io\/#organization","name":"just wondering...","url":"https:\/\/justwondering.io\/","logo":{"@type":"ImageObject","inLanguage":"ro-RO","@id":"https:\/\/justwondering.io\/#\/schema\/logo\/image\/","url":"https:\/\/justwondering.io\/wp-content\/uploads\/2022\/11\/JW-logo.png","contentUrl":"https:\/\/justwondering.io\/wp-content\/uploads\/2022\/11\/JW-logo.png","width":1000,"height":300,"caption":"just wondering..."},"image":{"@id":"https:\/\/justwondering.io\/#\/schema\/logo\/image\/"},"sameAs":["https:\/\/www.facebook.com\/justwonderingyt","https:\/\/x.com\/justwonderingyt","https:\/\/www.youtube.com\/c\/justwondering","https:\/\/www.instagram.com\/justwondering.io\/"]}]}},"_links":{"self":[{"href":"https:\/\/justwondering.io\/ro\/wp-json\/wp\/v2\/pages\/1535","targetHints":{"allow":["GET"]}}],"collection":[{"href":"https:\/\/justwondering.io\/ro\/wp-json\/wp\/v2\/pages"}],"about":[{"href":"https:\/\/justwondering.io\/ro\/wp-json\/wp\/v2\/types\/page"}],"author":[{"embeddable":true,"href":"https:\/\/justwondering.io\/ro\/wp-json\/wp\/v2\/users\/1"}],"replies":[{"embeddable":true,"href":"https:\/\/justwondering.io\/ro\/wp-json\/wp\/v2\/comments?post=1535"}],"version-history":[{"count":6,"href":"https:\/\/justwondering.io\/ro\/wp-json\/wp\/v2\/pages\/1535\/revisions"}],"predecessor-version":[{"id":1833,"href":"https:\/\/justwondering.io\/ro\/wp-json\/wp\/v2\/pages\/1535\/revisions\/1833"}],"wp:attachment":[{"href":"https:\/\/justwondering.io\/ro\/wp-json\/wp\/v2\/media?parent=1535"}],"curies":[{"name":"wp","href":"https:\/\/api.w.org\/{rel}","templated":true}]}}