{"id":1725,"date":"2025-10-16T06:34:19","date_gmt":"2025-10-16T06:34:19","guid":{"rendered":"https:\/\/justwondering.io\/?page_id=1725"},"modified":"2025-12-18T12:31:15","modified_gmt":"2025-12-18T12:31:15","slug":"straying-home-a-film-essay-with-urban-animals","status":"publish","type":"page","link":"https:\/\/justwondering.io\/ro\/straying-home-a-film-essay-with-urban-animals\/","title":{"rendered":"Straying home. Un eseu cinematografic cu animale urbane"},"content":{"rendered":"<h3>\n\t\tStraying home\n\t<\/h3>\n<h4>\n\t\t- Un eseu cinematografic cu animale urbane -\n\t<\/h4>\n\t<iframe loading=\"lazy\" title=\"Straying home. Un eseu cinematografic cu animale urbane\" width=\"500\" height=\"281\" src=\"https:\/\/www.youtube.com\/embed\/kfITJ9zDU5w?feature=oembed\" frameborder=\"0\" allow=\"accelerometer; autoplay; clipboard-write; encrypted-media; gyroscope; picture-in-picture; web-share\" referrerpolicy=\"strict-origin-when-cross-origin\" allowfullscreen><\/iframe>\n\t\t\t<p><strong>&#8220;Straying Home is an extraordinary journey among the non-human presences in the environments we consider &#8220;ours.&#8221; A view literally from below, which decolonizes our gaze on stray and liminal animals, pushing us to practice multispecies conviviality.&#8221;<\/strong>Marco Reggio &#8211; Activist &amp; Author of &#8220;Cospirazione animale&#8221;<\/p>\t\t\n\t\t\t<p><strong>&#8220;Straying Home offers an important contribution to critical animal studies and urban political ecology. It traces how colonial and capitalist histories shape the categories of &#8216;pest&#8217;, &#8216;stray&#8217;, and &#8216;pet&#8217;, revealing them as political constructions rather than natural facts.&#8221;<\/strong>Leila Dehghan &#8211; Doctor &amp; Activist<\/p>\t\t\n\t\t\t<p><strong>&#8220;Eloquent and keenly observed, this film makes us rethink who belongs in the city and what it means to live well alongside our animal cohabitants.&#8221;\u00a0<\/strong>Krithika Srinivasan &#8211; Researcher &amp; Professor of Political Ecology<\/p>\t\t\n\t\t\t<p><strong>&#8220;Straying Home is a beautiful film about the complexity of urban living for animals. It seamlessly blends scholarship, art, and video to raise questions about how animals live in cities.&#8221;<\/strong>Claudin Towne Hirtenfelder &#8211; Researcher &amp; Host at The Animal Turn podcast<\/p>\t\t\n\t\t\t<p><strong>&#8220;I loved this on every level&#8221;<\/strong>Emilia Leese &#8211; Podcast Host\u00a0 &amp; Auhtor of &#8220;Think like a Vegan&#8221;<\/p>\t\t\n\t<p>Synopsis: Non-human animals have always been around us, shaping and being shaped by our shared worlds. Yet in the modern city, their presence is increasingly cast as a problem, and their ways of living as disruptions. By following their traces, this film essay points toward a different picture that questions the narratives we take for granted. Through more-than-human encounters filmed locally in Romania, and a critical detour from the official discourse, other ways of living begin to surface. Perhaps there&#8217;s more we can do to unmake the anthropocentric landscape. What would it take to coexist more justly with urban animals? This film strays with this question and its possible answers.<\/p>\n\t<p>Length: 1 hour and 2 minutes<\/p>\n<p>Country of origin: Romania<\/p>\n\t\t\t\t<img loading=\"lazy\" decoding=\"async\" src=\"https:\/\/justwondering.io\/wp-content\/uploads\/2025\/10\/Straying-home-Still-02.png\" alt=\"Straying home. A film essay with urban animals - Still photo from film\" itemprop=\"image\" height=\"1080\" width=\"1920\" title=\"Straying home - Still 02\" onerror=\"this.style.display='none'\"  \/>\n\t\t\t\t<img loading=\"lazy\" decoding=\"async\" src=\"https:\/\/justwondering.io\/wp-content\/uploads\/2025\/10\/Straying-home-Still-05.png\" alt=\"Straying home. A film essay with urban animals - Still photo from film\" itemprop=\"image\" height=\"1080\" width=\"1920\" title=\"Straying home - Still 05\" onerror=\"this.style.display='none'\"  \/>\n\t\t\t\t<img loading=\"lazy\" decoding=\"async\" src=\"https:\/\/justwondering.io\/wp-content\/uploads\/2025\/10\/Straying-home-Still-17.png\" alt=\"Straying home. A film essay with urban animals - Still photo from film\" itemprop=\"image\" height=\"1080\" width=\"1920\" title=\"Straying home - Still 17\" onerror=\"this.style.display='none'\"  \/>\n\t\t\t\t<img loading=\"lazy\" decoding=\"async\" src=\"https:\/\/justwondering.io\/wp-content\/uploads\/2025\/10\/Straying-home-Still-32.png\" alt=\"Straying home. A film essay with urban animals - Still photo from film\" itemprop=\"image\" height=\"1080\" width=\"1920\" title=\"Straying home - Still 32\" onerror=\"this.style.display='none'\"  \/>\n\t\t\t\t<img loading=\"lazy\" decoding=\"async\" src=\"https:\/\/justwondering.io\/wp-content\/uploads\/2025\/10\/Song-03-rat.png\" alt=\"Straying home. A film essay with urban animals - Still photo from film\" itemprop=\"image\" height=\"1080\" width=\"1920\" title=\"Song-03-rat\" onerror=\"this.style.display='none'\"  \/>\n\t\t\t\t<img loading=\"lazy\" decoding=\"async\" src=\"https:\/\/justwondering.io\/wp-content\/uploads\/2025\/10\/Song-02-Curaj.png\" alt=\"Straying home. A film essay with urban animals - Still photo from film\" itemprop=\"image\" height=\"1080\" width=\"1920\" title=\"Song-02-Curaj\" onerror=\"this.style.display='none'\"  \/>\n\tDirector, Cinematographer, Editor, Writer, and Narrator &#8211; Aron Nor<br \/>\nArt Director, Illustrator, and Rotoscoping Animator &#8211; Mina Mimosa<br \/>\nLyrics Writer and Script Editor &#8211; M. Martelli<br \/>\nSong Composer and Singer &#8211; Teo Retegan<br \/>\nEnd Credits Music &#8211; Organic Shelter by Andrea Penso \/ Invisibilia editions\n<p>This film includes other musical fragments from Andrea Penso&#8217;s compositions, to whom we&#8217;re very thankful. The other music and SFX used were acquired from Envato. Background sounds were recorded during the filming process.<\/p>\nProduced by just wondering&#8230;<br \/>\nAs part of Eva Meijer&#8217;s project \u201e<a href=\"https:\/\/evameijer.nl\/thepoliticsofnoteatinganimals.htm\">The politics of not eating animals<\/a>&#8221; this film was supported by NWO (Dutch Science Council)\u00a0&amp; separately by individual Patreon donors.\n<p>&#8211;<\/p>\nAcest film a fost creat \u00een aceea\u0219i perioad\u0103 \u00een care a ap\u0103rut cartea \u201e<a href=\"https:\/\/www.goodreads.com\/en\/book\/show\/241178176-straying-with-street-dogs-a-dialogue-on-animal-tainted-politics\">Straying with Street Dogs. A dialogue on animal tainted politics<\/a>&#8221; appeared. The book was written by Aron Nor and Eva Meijer, and contains an afterword by Maria Martelli, and cover design by Mina Mimosa. You can find it at <a href=\"https:\/\/www.activedistributionshop.org\/product\/straying-with-the-street-dogs-a6\/\">Active Distribution<\/a>, <a href=\"https:\/\/pmpress.org\/index.php?l=product_detail&amp;p=2090\">PM Press<\/a>, <a href=\"https:\/\/leftwingbooks.net\/products\/straying-with-the-street-dogs\">Leftwingbooks<\/a>, <a href=\"https:\/\/www.pisica-neagra.ro\/straying-with-street-dogs-aron-nor-eva-meijer.html\">Pisica Neagr\u0103<\/a>, <a href=\"https:\/\/black-mosquito.org\/en\/straying-with-the-street-dogs.html\">Black Mosquito<\/a>, \u0219i \u00een alte locuri.\n\t\t\t<a href=\"https:\/\/justwondering.io\/ro\/straying-home-text-and-bibliography\/\" target=\"_self\">\n\t\t\t\t\t\tText &#038; Bibliography\n\t\t\t\t\t<\/a>\n\t\t\t\t\t<a href=\"javascript:void(0);\" id=\"fl-accordion--label-0\" tabindex=\"0\" aria-controls=\"fl-accordion--panel-0\">Mul\u021bumiri<\/a>\n\t\t\t\t\t\t\t\t\t\t\t<a href=\"#\" id=\"fl-accordion--icon-0\" tabindex=\"-1\" aria-controls=\"fl-accordion--panel-0\"><i>Expand<\/i><\/a>\n\t\t\t\t\t<p>Suntem incredibil de recunosc\u0103tori lui Eva Meijer pentru c\u0103 ne-a \u00eemp\u0103rt\u0103\u0219it manuscrisele \u0219i lucr\u0103rile (<a href=\"https:\/\/vinesanctuary.org\/multispecies-assemblies-from-vine-press\/\">acum publicate<\/a>) work in progress, on which this film is based in part, and for inviting us to create something for &#8220;The politics of (not) eating animals&#8221; project. As part of it, this film received financial support from the NWO (Dutch Science Council). For more information about Eva Meijer&#8217;s project &#8220;<a href=\"https:\/\/evameijer.nl\/thepoliticsofnoteatinganimals.htm\">The politics of (not) eating animals<\/a>&#8220;.<\/p>\n<p>Suntem profund recunosc\u0103tori pentru prietenia, inspira\u021bia \u0219i sprijinul s\u0103u, f\u0103r\u0103 de care acest film nu ar fi fost posibil.<\/p>\n<p>This film also incorporates ideas from the work in progress of Sue Donaldson and Will Kymlicka, as well as from Claudia Towne Hirtenfelder&#8217;s dissertation, to whom Aron and all of us are very thankful. Other reflections come from Aron&#8217;s ongoing research with street dogs, some of which have also found a home in a book collaboration with Eva Meijer called &#8220;<a href=\"https:\/\/www.goodreads.com\/book\/show\/241178176-straying-with-street-dogs-a-dialogue-on-animal-tainted-politics?ac=1&amp;from_search=true&amp;qid=ol10AHFZwh&amp;rank=4\">Straying with street dogs.<\/a>&#8220;. Aron is also very thankful to all the non-human animals who have shared their time with him while filming and all the other researchers and activists whose ideas and knowledge helped him, directly or indirectly, think differently about urban animals and street dogs. Many thanks to Davide Majocchi for his friendship and his motto &#8220;we are all strays&#8221;, which has been a guiding source of inspiration. Special thanks also go to L\u0103bu\u0219 for being the best neighbour one can wish for!<\/p>\n<p>Last but not least, we would like to express our heartfelt appreciation to all our patreons who silently and patiently continue to finance and support the production process of our video essays every month (even when there&#8217;s no video out yet), and without which our work would be harder, if not impossible to realize.<\/p>\n\t\t\t\t\t<a href=\"javascript:void(0);\" id=\"fl-accordion--label-1\" tabindex=\"0\" aria-controls=\"fl-accordion--panel-1\">Informa\u021bi pentru proiec\u021bie<\/a>\n\t\t\t\t\t\t\t\t\t\t\t<a href=\"#\" id=\"fl-accordion--icon-1\" tabindex=\"-1\" aria-controls=\"fl-accordion--panel-1\"><i>Expand<\/i><\/a>\n\t\t\t\t\t<p>&#8220;Straying home. A film essay with urban animals&#8221; can be screened freely in any location or classroom, and at any event that is not for profit, given proper credit.<\/p>\n<p>Dac\u0103 dore\u0219ti s\u0103 faci o vizionare \u0219i nu ai conexiune bun\u0103 de internet, trimite-ne un mail la <a href=\"mailto:contact@justwondering.io\">contact@justwondering.io<\/a> and we will send you the file for download, together with the subtitles we currently have.<\/p>\n<p>If you do screen it and have a discussion, we&#8217;d love to hear about it!<\/p>\n\t<iframe loading=\"lazy\" title=\"Straying home - Film teaser (2025)\" width=\"500\" height=\"281\" src=\"https:\/\/www.youtube.com\/embed\/okd25g7eORo?feature=oembed\" frameborder=\"0\" allow=\"accelerometer; autoplay; clipboard-write; encrypted-media; gyroscope; picture-in-picture; web-share\" referrerpolicy=\"strict-origin-when-cross-origin\" allowfullscreen><\/iframe>","protected":false},"excerpt":{"rendered":"<p>Straying home a film essay with urban animals &#8220;Straying Home is an extraordinary journey among the non-human presences in the environments we consider &#8220;ours.&#8221; A view literally from below, which decolonizes our gaze on stray and liminal animals, pushing us to practice multispecies conviviality.&#8221;Marco Reggio &#8211; Activist &amp; Author of &#8220;Cospirazione animale&#8221; &#8220;Straying Home offers&hellip;<\/p>","protected":false},"author":1,"featured_media":1741,"parent":0,"menu_order":0,"comment_status":"closed","ping_status":"closed","template":"","meta":{"footnotes":""},"class_list":["post-1725","page","type-page","status-publish","has-post-thumbnail","hentry"],"yoast_head":"<!-- This site is optimized with the Yoast SEO plugin v27.1.1 - https:\/\/yoast.com\/product\/yoast-seo-wordpress\/ -->\n<title>Straying home. A film essay with urban animals | just wondering...<\/title>\n<meta name=\"description\" content=\"An exploration into how urban animals inhabit the city and how we can do justice to them.\" \/>\n<meta name=\"robots\" content=\"index, follow, max-snippet:-1, max-image-preview:large, max-video-preview:-1\" \/>\n<link rel=\"canonical\" href=\"https:\/\/justwondering.io\/ro\/straying-home-a-film-essay-with-urban-animals\/\" \/>\n<meta property=\"og:locale\" content=\"ro_RO\" \/>\n<meta property=\"og:type\" content=\"article\" \/>\n<meta property=\"og:title\" content=\"Straying home\" \/>\n<meta property=\"og:description\" content=\"A film essay with urban animals\" \/>\n<meta property=\"og:url\" content=\"https:\/\/justwondering.io\/ro\/straying-home-a-film-essay-with-urban-animals\/\" \/>\n<meta property=\"og:site_name\" content=\"just wondering...\" \/>\n<meta property=\"article:publisher\" content=\"https:\/\/www.facebook.com\/justwonderingyt\" \/>\n<meta property=\"article:modified_time\" content=\"2025-12-18T12:31:15+00:00\" \/>\n<meta property=\"og:image\" content=\"https:\/\/justwondering.io\/wp-content\/uploads\/2025\/10\/Poster-landscape-scaled.png\" \/>\n\t<meta property=\"og:image:width\" content=\"2560\" \/>\n\t<meta property=\"og:image:height\" content=\"1440\" \/>\n\t<meta property=\"og:image:type\" content=\"image\/png\" \/>\n<meta name=\"twitter:card\" content=\"summary_large_image\" \/>\n<meta name=\"twitter:title\" content=\"Straying home\" \/>\n<meta name=\"twitter:description\" content=\"A film essay with urban animals\" \/>\n<meta name=\"twitter:image\" content=\"https:\/\/justwondering.io\/wp-content\/uploads\/2025\/10\/Poster-landscape-scaled.png\" \/>\n<meta name=\"twitter:site\" content=\"@justwonderingyt\" \/>\n<meta name=\"twitter:label1\" content=\"Timp estimat pentru citire\" \/>\n\t<meta name=\"twitter:data1\" content=\"3 minute\" \/>\n<script type=\"application\/ld+json\" class=\"yoast-schema-graph\">{\"@context\":\"https:\/\/schema.org\",\"@graph\":[{\"@type\":\"WebPage\",\"@id\":\"https:\/\/justwondering.io\/straying-home-a-film-essay-with-urban-animals\/\",\"url\":\"https:\/\/justwondering.io\/straying-home-a-film-essay-with-urban-animals\/\",\"name\":\"Straying home. A film essay with urban animals | just wondering...\",\"isPartOf\":{\"@id\":\"https:\/\/justwondering.io\/#website\"},\"primaryImageOfPage\":{\"@id\":\"https:\/\/justwondering.io\/straying-home-a-film-essay-with-urban-animals\/#primaryimage\"},\"image\":{\"@id\":\"https:\/\/justwondering.io\/straying-home-a-film-essay-with-urban-animals\/#primaryimage\"},\"thumbnailUrl\":\"https:\/\/justwondering.io\/wp-content\/uploads\/2025\/10\/Poster-landscape-scaled.png\",\"datePublished\":\"2025-10-16T06:34:19+00:00\",\"dateModified\":\"2025-12-18T12:31:15+00:00\",\"description\":\"An exploration into how urban animals inhabit the city and how we can do justice to them.\",\"breadcrumb\":{\"@id\":\"https:\/\/justwondering.io\/straying-home-a-film-essay-with-urban-animals\/#breadcrumb\"},\"inLanguage\":\"ro-RO\",\"potentialAction\":[{\"@type\":\"ReadAction\",\"target\":[\"https:\/\/justwondering.io\/straying-home-a-film-essay-with-urban-animals\/\"]}]},{\"@type\":\"ImageObject\",\"inLanguage\":\"ro-RO\",\"@id\":\"https:\/\/justwondering.io\/straying-home-a-film-essay-with-urban-animals\/#primaryimage\",\"url\":\"https:\/\/justwondering.io\/wp-content\/uploads\/2025\/10\/Poster-landscape-scaled.png\",\"contentUrl\":\"https:\/\/justwondering.io\/wp-content\/uploads\/2025\/10\/Poster-landscape-scaled.png\",\"width\":2560,\"height\":1440,\"caption\":\"Poster Landscape - Straying home. A film essay with urban animals\"},{\"@type\":\"BreadcrumbList\",\"@id\":\"https:\/\/justwondering.io\/straying-home-a-film-essay-with-urban-animals\/#breadcrumb\",\"itemListElement\":[{\"@type\":\"ListItem\",\"position\":1,\"name\":\"Home\",\"item\":\"https:\/\/justwondering.io\/\"},{\"@type\":\"ListItem\",\"position\":2,\"name\":\"Straying home. A film essay with urban animals\"}]},{\"@type\":\"WebSite\",\"@id\":\"https:\/\/justwondering.io\/#website\",\"url\":\"https:\/\/justwondering.io\/\",\"name\":\"just wondering...\",\"description\":\"Critical &amp; speculative animated essays. Exploring antispeciesism, posthumanism, social &amp; environmental justice.\",\"publisher\":{\"@id\":\"https:\/\/justwondering.io\/#organization\"},\"potentialAction\":[{\"@type\":\"SearchAction\",\"target\":{\"@type\":\"EntryPoint\",\"urlTemplate\":\"https:\/\/justwondering.io\/?s={search_term_string}\"},\"query-input\":{\"@type\":\"PropertyValueSpecification\",\"valueRequired\":true,\"valueName\":\"search_term_string\"}}],\"inLanguage\":\"ro-RO\"},{\"@type\":\"Organization\",\"@id\":\"https:\/\/justwondering.io\/#organization\",\"name\":\"just wondering...\",\"url\":\"https:\/\/justwondering.io\/\",\"logo\":{\"@type\":\"ImageObject\",\"inLanguage\":\"ro-RO\",\"@id\":\"https:\/\/justwondering.io\/#\/schema\/logo\/image\/\",\"url\":\"https:\/\/justwondering.io\/wp-content\/uploads\/2022\/11\/JW-logo.png\",\"contentUrl\":\"https:\/\/justwondering.io\/wp-content\/uploads\/2022\/11\/JW-logo.png\",\"width\":1000,\"height\":300,\"caption\":\"just wondering...\"},\"image\":{\"@id\":\"https:\/\/justwondering.io\/#\/schema\/logo\/image\/\"},\"sameAs\":[\"https:\/\/www.facebook.com\/justwonderingyt\",\"https:\/\/x.com\/justwonderingyt\",\"https:\/\/www.youtube.com\/c\/justwondering\",\"https:\/\/www.instagram.com\/justwondering.io\/\"]}]}<\/script>\n<!-- \/ Yoast SEO plugin. -->","yoast_head_json":{"title":"Straying home. A film essay with urban animals | just wondering...","description":"An exploration into how urban animals inhabit the city and how we can do justice to them.","robots":{"index":"index","follow":"follow","max-snippet":"max-snippet:-1","max-image-preview":"max-image-preview:large","max-video-preview":"max-video-preview:-1"},"canonical":"https:\/\/justwondering.io\/ro\/straying-home-a-film-essay-with-urban-animals\/","og_locale":"ro_RO","og_type":"article","og_title":"Straying home","og_description":"A film essay with urban animals","og_url":"https:\/\/justwondering.io\/ro\/straying-home-a-film-essay-with-urban-animals\/","og_site_name":"just wondering...","article_publisher":"https:\/\/www.facebook.com\/justwonderingyt","article_modified_time":"2025-12-18T12:31:15+00:00","og_image":[{"width":2560,"height":1440,"url":"https:\/\/justwondering.io\/wp-content\/uploads\/2025\/10\/Poster-landscape-scaled.png","type":"image\/png"}],"twitter_card":"summary_large_image","twitter_title":"Straying home","twitter_description":"A film essay with urban animals","twitter_image":"https:\/\/justwondering.io\/wp-content\/uploads\/2025\/10\/Poster-landscape-scaled.png","twitter_site":"@justwonderingyt","twitter_misc":{"Timp estimat pentru citire":"3 minute"},"schema":{"@context":"https:\/\/schema.org","@graph":[{"@type":"WebPage","@id":"https:\/\/justwondering.io\/straying-home-a-film-essay-with-urban-animals\/","url":"https:\/\/justwondering.io\/straying-home-a-film-essay-with-urban-animals\/","name":"Straying home. A film essay with urban animals | just wondering...","isPartOf":{"@id":"https:\/\/justwondering.io\/#website"},"primaryImageOfPage":{"@id":"https:\/\/justwondering.io\/straying-home-a-film-essay-with-urban-animals\/#primaryimage"},"image":{"@id":"https:\/\/justwondering.io\/straying-home-a-film-essay-with-urban-animals\/#primaryimage"},"thumbnailUrl":"https:\/\/justwondering.io\/wp-content\/uploads\/2025\/10\/Poster-landscape-scaled.png","datePublished":"2025-10-16T06:34:19+00:00","dateModified":"2025-12-18T12:31:15+00:00","description":"An exploration into how urban animals inhabit the city and how we can do justice to them.","breadcrumb":{"@id":"https:\/\/justwondering.io\/straying-home-a-film-essay-with-urban-animals\/#breadcrumb"},"inLanguage":"ro-RO","potentialAction":[{"@type":"ReadAction","target":["https:\/\/justwondering.io\/straying-home-a-film-essay-with-urban-animals\/"]}]},{"@type":"ImageObject","inLanguage":"ro-RO","@id":"https:\/\/justwondering.io\/straying-home-a-film-essay-with-urban-animals\/#primaryimage","url":"https:\/\/justwondering.io\/wp-content\/uploads\/2025\/10\/Poster-landscape-scaled.png","contentUrl":"https:\/\/justwondering.io\/wp-content\/uploads\/2025\/10\/Poster-landscape-scaled.png","width":2560,"height":1440,"caption":"Poster Landscape - Straying home. A film essay with urban animals"},{"@type":"BreadcrumbList","@id":"https:\/\/justwondering.io\/straying-home-a-film-essay-with-urban-animals\/#breadcrumb","itemListElement":[{"@type":"ListItem","position":1,"name":"Home","item":"https:\/\/justwondering.io\/"},{"@type":"ListItem","position":2,"name":"Straying home. A film essay with urban animals"}]},{"@type":"WebSite","@id":"https:\/\/justwondering.io\/#website","url":"https:\/\/justwondering.io\/","name":"just wondering...","description":"Critical &amp; speculative animated essays. Exploring antispeciesism, posthumanism, social &amp; environmental justice.","publisher":{"@id":"https:\/\/justwondering.io\/#organization"},"potentialAction":[{"@type":"SearchAction","target":{"@type":"EntryPoint","urlTemplate":"https:\/\/justwondering.io\/?s={search_term_string}"},"query-input":{"@type":"PropertyValueSpecification","valueRequired":true,"valueName":"search_term_string"}}],"inLanguage":"ro-RO"},{"@type":"Organization","@id":"https:\/\/justwondering.io\/#organization","name":"just wondering...","url":"https:\/\/justwondering.io\/","logo":{"@type":"ImageObject","inLanguage":"ro-RO","@id":"https:\/\/justwondering.io\/#\/schema\/logo\/image\/","url":"https:\/\/justwondering.io\/wp-content\/uploads\/2022\/11\/JW-logo.png","contentUrl":"https:\/\/justwondering.io\/wp-content\/uploads\/2022\/11\/JW-logo.png","width":1000,"height":300,"caption":"just wondering..."},"image":{"@id":"https:\/\/justwondering.io\/#\/schema\/logo\/image\/"},"sameAs":["https:\/\/www.facebook.com\/justwonderingyt","https:\/\/x.com\/justwonderingyt","https:\/\/www.youtube.com\/c\/justwondering","https:\/\/www.instagram.com\/justwondering.io\/"]}]}},"_links":{"self":[{"href":"https:\/\/justwondering.io\/ro\/wp-json\/wp\/v2\/pages\/1725","targetHints":{"allow":["GET"]}}],"collection":[{"href":"https:\/\/justwondering.io\/ro\/wp-json\/wp\/v2\/pages"}],"about":[{"href":"https:\/\/justwondering.io\/ro\/wp-json\/wp\/v2\/types\/page"}],"author":[{"embeddable":true,"href":"https:\/\/justwondering.io\/ro\/wp-json\/wp\/v2\/users\/1"}],"replies":[{"embeddable":true,"href":"https:\/\/justwondering.io\/ro\/wp-json\/wp\/v2\/comments?post=1725"}],"version-history":[{"count":20,"href":"https:\/\/justwondering.io\/ro\/wp-json\/wp\/v2\/pages\/1725\/revisions"}],"predecessor-version":[{"id":1837,"href":"https:\/\/justwondering.io\/ro\/wp-json\/wp\/v2\/pages\/1725\/revisions\/1837"}],"wp:featuredmedia":[{"embeddable":true,"href":"https:\/\/justwondering.io\/ro\/wp-json\/wp\/v2\/media\/1741"}],"wp:attachment":[{"href":"https:\/\/justwondering.io\/ro\/wp-json\/wp\/v2\/media?parent=1725"}],"curies":[{"name":"wp","href":"https:\/\/api.w.org\/{rel}","templated":true}]}}