{"id":186,"date":"2017-03-24T20:38:30","date_gmt":"2017-03-24T20:38:30","guid":{"rendered":"http:\/\/justwondering.io\/?page_id=186"},"modified":"2025-12-18T14:24:39","modified_gmt":"2025-12-18T14:24:39","slug":"just-wondering","status":"publish","type":"page","link":"https:\/\/justwondering.io\/ro\/","title":{"rendered":"eseuri animate"},"content":{"rendered":"<h3>\n\t\t&#8211; latest video project &#8211;\n\t<\/h3>\n<h1>\n\t\t<a href=\"https:\/\/justwondering.io\/ro\/total-liberation-breaking-bread-until-we-are-free\/\" title=\"Eliberare total\u0103\" target=\"_self\">\n\t\tEliberare total\u0103\n\t\t<\/a>\n\t<\/h1>\n<h3>\n\t\t\u2013 \u00cemp\u0103r\u021bind p\u00e2ine p\u00e2n\u0103 c\u00e2nd vom fi liberi \u2013\n\t<\/h3>\n\t<p>\u00cen acest eseu video, ne uit\u0103m \u00een ad\u00e2ncul inimilor noastre furioase \u0219i \u00eentristate, \u00een dorin\u021bele de libertate \u0219i \u00een istoriile anarhiste, pentru a descoperi strategii, moduri de a sim\u021bi \u0219i de a g\u00e2ndi care ne pot apropia de eliberarea total\u0103. \u00cencerc\u00e2nd s\u0103 deslu\u0219im de unde provine acest concept \u0219i cum poate fi util \u0219i ast\u0103zi \u00een diferite contexte, pled\u0103m pentru a ac\u021biona \u00eentotdeauna \u00een solidaritate \u00eentre mi\u0219c\u0103ri, pentru a \u00eenv\u0103\u021ba \u0219i a re\u00eenv\u0103\u021ba, pentru a crea \u0219i a destrama, p\u00e2n\u0103 c\u00e2nd vom fi cu to\u021bix liberi.<\/p>\n\t\t\t<a href=\"https:\/\/justwondering.io\/ro\/total-liberation-breaking-bread-until-we-are-free\/\" target=\"_self\">\n\t\t\t\t\t\tVezi mai mult\n\t\t\t\t\t<\/a>\n<h3>\n\t\tprive\u0219te videourile noastre anterioare\n\t<\/h3>\n\t\t\t\t<a href=\"https:\/\/justwondering.io\/ro\/dictionary-of-thinkers-and-concepts\/\" target=\"_self\" itemprop=\"url\">\n\t\t\t\t<img decoding=\"async\" src=\"https:\/\/www.justwondering.io\/wp-content\/uploads\/2023\/11\/Playlist-Dictionary-of-thinkers-alpha.png\" alt=\"Playlist-Dictionary-of-thinkers-alpha\" itemprop=\"image\" title=\"Playlist-Dictionary-of-thinkers-alpha\" onerror=\"this.style.display='none'\"  \/>\n\t\t\t\t<\/a>\n<h3><a href=\"https:\/\/justwondering.io\/ro\/dictionary-of-thinkers-and-concepts\/\" target=\"_self\">dictionary of thinkers &#038; concepts<\/a><\/h3>\t\t\n\t\t\t<p>An audiovisual exploration of various thinkers to think with and the concepts they use. In this playlist we highlight the works of philosophers, political theorists, researchers and writers we admire &#8211; at least in some regard. We explore their ideas and look critically at their work, sometimes pointing to what we consider they are missing, other times engaging deeply with their writings by putting them into an unexpected form. Often, but not always or exhaustively, we approach the thinker from an antispeciesist point of view, re-shaping some of their concepts into useful tools for animal liberation.<\/p>\n\t\t\t<a href=\"https:\/\/justwondering.io\/ro\/dictionary-of-thinkers-and-concepts\/\" target=\"_self\">\n\t\t\t\t\t\tvezi playlistul\n\t\t\t\t\t<\/a>\n\t\t\t\t<a href=\"https:\/\/justwondering.io\/ro\/hybrid-animated-essays\/\" target=\"_self\" itemprop=\"url\">\n\t\t\t\t<img decoding=\"async\" src=\"https:\/\/www.justwondering.io\/wp-content\/uploads\/2023\/11\/Playlist-Hybrid-animations-alpha-2.png\" alt=\"Playlist-Hybrid-animations-alpha-2\" itemprop=\"image\" title=\"Playlist-Hybrid-animations-alpha-2\" onerror=\"this.style.display='none'\"  \/>\n\t\t\t\t<\/a>\n<h3><a href=\"https:\/\/justwondering.io\/ro\/hybrid-animated-essays\/\" target=\"_self\">eseuri animate hibride<\/a><\/h3>\t\t\n\t\t\t<p>An experiment in video-making, these short animated essays combine storytelling with critical theory. They are an attempt to put into moving images the questions we ask and the answers we find along the way. Whether relying on blackboard or digital animation, they weave emotion into thinking about the world, challenging its structures of power and domination. This playlist is where we play, finding new languages to express ourselves &#8211; it is the place for our uncategorizable artforms, where both our short films and thoroughly theoretical essays can be found. <\/p>\n\t\t\t<a href=\"https:\/\/justwondering.io\/ro\/hybrid-animated-essays\/\" target=\"_self\">\n\t\t\t\t\t\tvezi playlistul\n\t\t\t\t\t<\/a>\n\t\t\t\t<a href=\"https:\/\/justwondering.io\/ro\/collaborations\/\" target=\"_self\" itemprop=\"url\">\n\t\t\t\t<img decoding=\"async\" src=\"https:\/\/www.justwondering.io\/wp-content\/uploads\/2023\/11\/Playlist-Collabs-alpha.png\" alt=\"Playlist-Collabs-alpha\" itemprop=\"image\" title=\"Playlist-Collabs-alpha\" onerror=\"this.style.display='none'\"  \/>\n\t\t\t\t<\/a>\n\t\t<h3><a href=\"https:\/\/justwondering.io\/ro\/collaborations\/\" target=\"_self\">colabor\u0103ri<\/a><\/h3>\t\t\n\t\t\t<p>A meeting point with other writers, researchers and activists, this playlist makes possible animated essays we couldn&#8217;t have written: it is a place of exchange, where we work together on a script\/text and then take on the entire work of transforming it into an audio-visual piece. Within it, we prioritize issues of social, climate and multispecies justice, aiming to put forth into the world particular, situated and liberatory ways of thinking. <\/p>\n\t\t\t<a href=\"https:\/\/justwondering.io\/ro\/collaborations\/\" target=\"_self\">\n\t\t\t\t\t\tvezi playlistul\n\t\t\t\t\t<\/a>\n<h3>\n\t\t&#8211; featured video project &#8211;\n\t<\/h3>\n<h1>\n\t\t<a href=\"https:\/\/justwondering.io\/ro\/straying-home-a-film-essay-with-urban-animals\/\" title=\"Straying home\" target=\"_self\">\n\t\tStraying home\n\t\t<\/a>\n\t<\/h1>\n<h3>\n\t\t&#8211; A film essay with urban animals &#8211;\n\t<\/h3>\n\t<p>Non-human animals have always been around us, shaping and being shaped by our shared worlds. Yet in the modern city, their presence is increasingly cast as a problem, and their ways of living as disruptions. By following their traces, this film essay points toward a different picture that questions the narratives we take for granted. Through more-than-human encounters filmed locally in Romania, and a critical detour from the official discourse, other ways of living begin to surface. Perhaps there&#8217;s more we can do to unmake the anthropocentric landscape. What would it take to coexist more justly with urban animals? This film strays with this question and its possible answers.<\/p>\n\t\t\t<a href=\"https:\/\/justwondering.io\/ro\/straying-home-a-film-essay-with-urban-animals\/\" target=\"_self\">\n\t\t\t\t\t\tVezi mai mult\n\t\t\t\t\t<\/a>","protected":false},"excerpt":{"rendered":"<p>&#8211; latest video project &#8211; Total liberation &#8211; Breaking bread until we are free &#8211; In this video-essay, we delve deep into our angry, saddened hearts, into desires for freedom and into anarchist histories, to uncover strategies, ways of feeling and thinking that can lead us closer to total liberation. Trying to untangle where the&hellip;<\/p>","protected":false},"author":1,"featured_media":1338,"parent":0,"menu_order":0,"comment_status":"closed","ping_status":"closed","template":"","meta":{"footnotes":""},"class_list":["post-186","page","type-page","status-publish","has-post-thumbnail","hentry"],"yoast_head":"<!-- This site is optimized with the Yoast SEO plugin v27.1.1 - https:\/\/yoast.com\/product\/yoast-seo-wordpress\/ -->\n<title>just wondering...<\/title>\n<meta name=\"description\" content=\"Critical and speculative animated essays.Exploring antispeciesism, posthumanism, social and environmental justice.\" \/>\n<meta name=\"robots\" content=\"index, follow, max-snippet:-1, max-image-preview:large, max-video-preview:-1\" \/>\n<link rel=\"canonical\" href=\"https:\/\/justwondering.io\/ro\/\" \/>\n<meta property=\"og:locale\" content=\"ro_RO\" \/>\n<meta property=\"og:type\" content=\"article\" \/>\n<meta property=\"og:title\" content=\"just wondering...\" \/>\n<meta property=\"og:description\" content=\"Critical and speculative animated essays. Exploring antispeciesism, posthumanism, social and environmental justice.\" \/>\n<meta property=\"og:url\" content=\"https:\/\/justwondering.io\/ro\/\" \/>\n<meta property=\"og:site_name\" content=\"just wondering...\" \/>\n<meta property=\"article:publisher\" content=\"https:\/\/www.facebook.com\/justwonderingyt\" \/>\n<meta property=\"article:modified_time\" content=\"2025-12-18T14:24:39+00:00\" \/>\n<meta property=\"og:image\" content=\"https:\/\/justwondering.io\/wp-content\/uploads\/2023\/06\/Cover-Facebook-02.png\" \/>\n\t<meta property=\"og:image:width\" content=\"1440\" \/>\n\t<meta property=\"og:image:height\" content=\"540\" \/>\n\t<meta property=\"og:image:type\" content=\"image\/png\" \/>\n<meta name=\"twitter:card\" content=\"summary_large_image\" \/>\n<meta name=\"twitter:title\" content=\"just wondering...\" \/>\n<meta name=\"twitter:description\" content=\"Critical and speculative animated essays. Exploring antispeciesism, posthumanism, social and environmental justice.\" \/>\n<meta name=\"twitter:image\" content=\"https:\/\/justwondering.io\/wp-content\/uploads\/2023\/06\/Cover-Facebook-02.png\" \/>\n<meta name=\"twitter:site\" content=\"@justwonderingyt\" \/>\n<meta name=\"twitter:label1\" content=\"Timp estimat pentru citire\" \/>\n\t<meta name=\"twitter:data1\" content=\"3 minute\" \/>\n<script type=\"application\/ld+json\" class=\"yoast-schema-graph\">{\"@context\":\"https:\/\/schema.org\",\"@graph\":[{\"@type\":\"WebPage\",\"@id\":\"https:\/\/justwondering.io\/\",\"url\":\"https:\/\/justwondering.io\/\",\"name\":\"just wondering...\",\"isPartOf\":{\"@id\":\"https:\/\/justwondering.io\/#website\"},\"primaryImageOfPage\":{\"@id\":\"https:\/\/justwondering.io\/#primaryimage\"},\"image\":{\"@id\":\"https:\/\/justwondering.io\/#primaryimage\"},\"thumbnailUrl\":\"https:\/\/justwondering.io\/wp-content\/uploads\/2023\/06\/Cover-Facebook-02.png\",\"datePublished\":\"2017-03-24T20:38:30+00:00\",\"dateModified\":\"2025-12-18T14:24:39+00:00\",\"description\":\"Critical and speculative animated essays.Exploring antispeciesism, posthumanism, social and environmental justice.\",\"breadcrumb\":{\"@id\":\"https:\/\/justwondering.io\/#breadcrumb\"},\"inLanguage\":\"ro-RO\",\"potentialAction\":[{\"@type\":\"ReadAction\",\"target\":[\"https:\/\/justwondering.io\/\"]}]},{\"@type\":\"ImageObject\",\"inLanguage\":\"ro-RO\",\"@id\":\"https:\/\/justwondering.io\/#primaryimage\",\"url\":\"https:\/\/justwondering.io\/wp-content\/uploads\/2023\/06\/Cover-Facebook-02.png\",\"contentUrl\":\"https:\/\/justwondering.io\/wp-content\/uploads\/2023\/06\/Cover-Facebook-02.png\",\"width\":1440,\"height\":540},{\"@type\":\"BreadcrumbList\",\"@id\":\"https:\/\/justwondering.io\/#breadcrumb\",\"itemListElement\":[{\"@type\":\"ListItem\",\"position\":1,\"name\":\"Home\",\"item\":\"https:\/\/justwondering.io\/\"},{\"@type\":\"ListItem\",\"position\":2,\"name\":\"animated essays\"}]},{\"@type\":\"WebSite\",\"@id\":\"https:\/\/justwondering.io\/#website\",\"url\":\"https:\/\/justwondering.io\/\",\"name\":\"just wondering...\",\"description\":\"Critical &amp; speculative animated essays. Exploring antispeciesism, posthumanism, social &amp; environmental justice.\",\"publisher\":{\"@id\":\"https:\/\/justwondering.io\/#organization\"},\"potentialAction\":[{\"@type\":\"SearchAction\",\"target\":{\"@type\":\"EntryPoint\",\"urlTemplate\":\"https:\/\/justwondering.io\/?s={search_term_string}\"},\"query-input\":{\"@type\":\"PropertyValueSpecification\",\"valueRequired\":true,\"valueName\":\"search_term_string\"}}],\"inLanguage\":\"ro-RO\"},{\"@type\":\"Organization\",\"@id\":\"https:\/\/justwondering.io\/#organization\",\"name\":\"just wondering...\",\"url\":\"https:\/\/justwondering.io\/\",\"logo\":{\"@type\":\"ImageObject\",\"inLanguage\":\"ro-RO\",\"@id\":\"https:\/\/justwondering.io\/#\/schema\/logo\/image\/\",\"url\":\"https:\/\/justwondering.io\/wp-content\/uploads\/2022\/11\/JW-logo.png\",\"contentUrl\":\"https:\/\/justwondering.io\/wp-content\/uploads\/2022\/11\/JW-logo.png\",\"width\":1000,\"height\":300,\"caption\":\"just wondering...\"},\"image\":{\"@id\":\"https:\/\/justwondering.io\/#\/schema\/logo\/image\/\"},\"sameAs\":[\"https:\/\/www.facebook.com\/justwonderingyt\",\"https:\/\/x.com\/justwonderingyt\",\"https:\/\/www.youtube.com\/c\/justwondering\",\"https:\/\/www.instagram.com\/justwondering.io\/\"]}]}<\/script>\n<!-- \/ Yoast SEO plugin. -->","yoast_head_json":{"title":"just wondering...","description":"Critical and speculative animated essays.Exploring antispeciesism, posthumanism, social and environmental justice.","robots":{"index":"index","follow":"follow","max-snippet":"max-snippet:-1","max-image-preview":"max-image-preview:large","max-video-preview":"max-video-preview:-1"},"canonical":"https:\/\/justwondering.io\/ro\/","og_locale":"ro_RO","og_type":"article","og_title":"just wondering...","og_description":"Critical and speculative animated essays. Exploring antispeciesism, posthumanism, social and environmental justice.","og_url":"https:\/\/justwondering.io\/ro\/","og_site_name":"just wondering...","article_publisher":"https:\/\/www.facebook.com\/justwonderingyt","article_modified_time":"2025-12-18T14:24:39+00:00","og_image":[{"width":1440,"height":540,"url":"https:\/\/justwondering.io\/wp-content\/uploads\/2023\/06\/Cover-Facebook-02.png","type":"image\/png"}],"twitter_card":"summary_large_image","twitter_title":"just wondering...","twitter_description":"Critical and speculative animated essays. Exploring antispeciesism, posthumanism, social and environmental justice.","twitter_image":"https:\/\/justwondering.io\/wp-content\/uploads\/2023\/06\/Cover-Facebook-02.png","twitter_site":"@justwonderingyt","twitter_misc":{"Timp estimat pentru citire":"3 minute"},"schema":{"@context":"https:\/\/schema.org","@graph":[{"@type":"WebPage","@id":"https:\/\/justwondering.io\/","url":"https:\/\/justwondering.io\/","name":"just wondering...","isPartOf":{"@id":"https:\/\/justwondering.io\/#website"},"primaryImageOfPage":{"@id":"https:\/\/justwondering.io\/#primaryimage"},"image":{"@id":"https:\/\/justwondering.io\/#primaryimage"},"thumbnailUrl":"https:\/\/justwondering.io\/wp-content\/uploads\/2023\/06\/Cover-Facebook-02.png","datePublished":"2017-03-24T20:38:30+00:00","dateModified":"2025-12-18T14:24:39+00:00","description":"Critical and speculative animated essays.Exploring antispeciesism, posthumanism, social and environmental justice.","breadcrumb":{"@id":"https:\/\/justwondering.io\/#breadcrumb"},"inLanguage":"ro-RO","potentialAction":[{"@type":"ReadAction","target":["https:\/\/justwondering.io\/"]}]},{"@type":"ImageObject","inLanguage":"ro-RO","@id":"https:\/\/justwondering.io\/#primaryimage","url":"https:\/\/justwondering.io\/wp-content\/uploads\/2023\/06\/Cover-Facebook-02.png","contentUrl":"https:\/\/justwondering.io\/wp-content\/uploads\/2023\/06\/Cover-Facebook-02.png","width":1440,"height":540},{"@type":"BreadcrumbList","@id":"https:\/\/justwondering.io\/#breadcrumb","itemListElement":[{"@type":"ListItem","position":1,"name":"Home","item":"https:\/\/justwondering.io\/"},{"@type":"ListItem","position":2,"name":"animated essays"}]},{"@type":"WebSite","@id":"https:\/\/justwondering.io\/#website","url":"https:\/\/justwondering.io\/","name":"just wondering...","description":"Critical &amp; speculative animated essays. Exploring antispeciesism, posthumanism, social &amp; environmental justice.","publisher":{"@id":"https:\/\/justwondering.io\/#organization"},"potentialAction":[{"@type":"SearchAction","target":{"@type":"EntryPoint","urlTemplate":"https:\/\/justwondering.io\/?s={search_term_string}"},"query-input":{"@type":"PropertyValueSpecification","valueRequired":true,"valueName":"search_term_string"}}],"inLanguage":"ro-RO"},{"@type":"Organization","@id":"https:\/\/justwondering.io\/#organization","name":"just wondering...","url":"https:\/\/justwondering.io\/","logo":{"@type":"ImageObject","inLanguage":"ro-RO","@id":"https:\/\/justwondering.io\/#\/schema\/logo\/image\/","url":"https:\/\/justwondering.io\/wp-content\/uploads\/2022\/11\/JW-logo.png","contentUrl":"https:\/\/justwondering.io\/wp-content\/uploads\/2022\/11\/JW-logo.png","width":1000,"height":300,"caption":"just wondering..."},"image":{"@id":"https:\/\/justwondering.io\/#\/schema\/logo\/image\/"},"sameAs":["https:\/\/www.facebook.com\/justwonderingyt","https:\/\/x.com\/justwonderingyt","https:\/\/www.youtube.com\/c\/justwondering","https:\/\/www.instagram.com\/justwondering.io\/"]}]}},"_links":{"self":[{"href":"https:\/\/justwondering.io\/ro\/wp-json\/wp\/v2\/pages\/186","targetHints":{"allow":["GET"]}}],"collection":[{"href":"https:\/\/justwondering.io\/ro\/wp-json\/wp\/v2\/pages"}],"about":[{"href":"https:\/\/justwondering.io\/ro\/wp-json\/wp\/v2\/types\/page"}],"author":[{"embeddable":true,"href":"https:\/\/justwondering.io\/ro\/wp-json\/wp\/v2\/users\/1"}],"replies":[{"embeddable":true,"href":"https:\/\/justwondering.io\/ro\/wp-json\/wp\/v2\/comments?post=186"}],"version-history":[{"count":174,"href":"https:\/\/justwondering.io\/ro\/wp-json\/wp\/v2\/pages\/186\/revisions"}],"predecessor-version":[{"id":1850,"href":"https:\/\/justwondering.io\/ro\/wp-json\/wp\/v2\/pages\/186\/revisions\/1850"}],"wp:featuredmedia":[{"embeddable":true,"href":"https:\/\/justwondering.io\/ro\/wp-json\/wp\/v2\/media\/1338"}],"wp:attachment":[{"href":"https:\/\/justwondering.io\/ro\/wp-json\/wp\/v2\/media?parent=186"}],"curies":[{"name":"wp","href":"https:\/\/api.w.org\/{rel}","templated":true}]}}