{"id":328,"date":"2018-06-18T11:02:40","date_gmt":"2018-06-18T11:02:40","guid":{"rendered":"http:\/\/justwondering.io\/?page_id=328"},"modified":"2020-11-28T11:52:40","modified_gmt":"2020-11-28T11:52:40","slug":"towards-togetherness","status":"publish","type":"page","link":"https:\/\/justwondering.io\/ro\/towards-togetherness\/","title":{"rendered":"Towards togetherness"},"content":{"rendered":"<h2>\n\t\tTowards togetherness<br \/>\n\t<\/h2>\n<h4>\n\t\tfor caring rocks and strawberries that like their own taste<br \/>\n\t<\/h4>\n<p>\t<iframe loading=\"lazy\" width=\"560\" height=\"315\" src=\"https:\/\/www.youtube.com\/embed\/EwzWTIdhYRQ\" frameborder=\"0\" allow=\"autoplay; encrypted-media\" allowfullscreen><\/iframe><\/p>\n<p><i>&#8220;For and in consideration of the great love I bear this tree and the great desire I have for its protection for all time, I convey entire possession of itself and all land within eight feet of the tree on all sides.&#8221;<\/i> WILLIAM H. JACKSON<\/p>\n<p style=\"text-align: left;\">\u00a0 \u00a0 \u00a0In 1890 a US colonel loved a tree so much, he deeded it to itself. It became known as \u201cThe tree that owned itself\u201d, and, when it died, one of its acorns was placed on the same spot, sprouting the \u201cSon of the tree that owned itself\u201d (which also owns itself). Lawfully, this is not possible, because there is no legal capacity for the tree to govern itself. However, the people didn\u2019t care about such a thing: they loved the story so much, they acted as if it was true. What does this tell us about how and why we care for the world around us? A tree became free from human destruction because of human love, but there were no stories to convince an ice storm to avoid it. A tree was given to itself because that was, according to the colonel\u2019s thinking, the best way to protect it (again, for human desires, or at least because of them). Is this a glimpse of how, in 1890 already, we thought of ourselves as stewards of the world around us? Ultimately, it was through the work and care of the community that another acorn was planted, and the tree has spread it seed. Managing what is common to us, and what is common with others, is a trouble that we hope won\u2019t end in tragedy. \u00a0Thing is, we do not belong to ourselves, but in fact exist in a world with others &#8211; humans and non-humans alike. What might this mean? Let\u2019s begin with the very fabric of reality. <\/p>\n<p style=\"text-align: left;\">\u00a0 \u00a0 \u00a0If a tree falls in a forest and no one is around to hear it, does it hurt? Do things exist without us, or only with our presence? And how do they exist? I\u2019m not asking because I think we can know, I\u2019m asking because I think they might (exist). Sounds preposterous to even ask? Well, let\u2019s remember that post-Kant, there wasn\u2019t so much talk about substance anymore. That was naive. Pass\u00e9. The question became \u201e<i>no longer \u2018which is the proper substrate?\u2019 but \u2018which is the proper correlate?<\/i>\u2019\u201d (Meillassoux, 2010). Slowly, but surely, we became the center of the universe (again), by relating everything that exists to our knowledge. Even more so, human talk started to construct realities and manipulate them according to its own discourse. We not only created romantic love and memes, but also forests, oceans, stars &#8211; as we see them. Stepping back in a mundane desk chair, it doesn\u2019t take longer than a few breaths to realize what this means for an \u201eontological commons\u201d. There was no human universal to create it, and truth has been spread through political power. We haven\u2019t commonly acknowledged Mozart and Dali as valuable, nor have we commonly decided that the nuclear family is the way to organize society, yet here we are. \u00a0There seems to have always been conflict over what the nature of reality is, we just can\u2019t grasp it. When we act as if everything is so because it reveals itself to us, we wield more power than we can handle. And not democratically. Timothy Morton says it best, \u201e<i>correlationism revelation mode &#8230; is a mode of sadistic enjoyment in which one can do anything to anything<\/i>\u201d. The desk will be here even when I leave \u2013 and what will it be to the chair, or the coffee cup? Just because we cannot know, it doesn\u2019t mean it is not worth asking. And yet, what the desk is to me, only I know. Just like Meillasoux writes, \u201e<i>the melodious beauty of a sonic sequence is not heard by the melody<\/i>\u201d. We do create reality in common, with humans and non-humans. And also, we don\u2019t. Object-oriented ontology opens up this very possibility \u2013 of \u00a0unfanthomable beings, of the world without us. The rocks and the wild strawberries have valuable existences, even if we\u2019ll never access them. Who knows how the idea of \u201ecommons\u201d might translate for them. \u00a0<\/p>\n<p style=\"text-align: left;\">\u00a0 \u00a0 \u00a0Trees practice solidarity. In a forest, they \u201e<i>synchronize their performance so that they are all equally successful<\/i>\u201d, sharing water and nutrients (Wohlleben, 2016). Even more, they make \u201afriends\u2019 with other species. \u00a0The saliva of each species of insects is different, and that\u2019s how trees \u201arecognize\u2019 insects that bother them. Afterwards, trees can release pheromones that \u201acall to help\u2019 the needed predators. In the face of such successful cooperation, what do we, humans, do? We teach trees ownership, instead of learning community from them. Even more, we price-tag trees, forests, whole ecosystems (Sullivan, 2009), so that we know how to speak about them \u2013 as if we\u2019ve forgotten there are other ways to talk about things besides money. Wait, you might wonder: who is this \u201awe\u2019 I keep referring to? It seems like it is the human species, but the moment one starts saying things about it, it all becomes a blur. Certainly, the indigenous people being chased off their lands are not the ones talking about forests in dollars. The natural commons is being co-opted by capitalist relations, and few people benefit from that (Caffentzis &amp; Federici, 2014). More and more of what isn\u2019t open is called so, from private university\u2019s libraries to parks that are \u201ebetter managed\u201d privately, anyway. Capitalism pushes the frontier further and further, accumulating the future, fearless enough to send its fierce narcissistic dreams into space, in the shape of a red car to became space debris (Letzter, WashingtonPost, 2018). No matter how much we want, need, and push, at least for knowledge to be free and accesible (Bollier, 2011), who will be there to know, if the people making red cars are breaking their backs (Wong, The Guardian, 2018)? We need to learn tree ways, not teach trees human ways. And we need to learn quickly, before we enter a Phagocene (Bonneuil &amp; Fressoz, 2017), fetishising and consuming everything. Quickly, before we get too tired, before the struggle to keep the commons common becomes to heavy for some of us (Timm, Freedom.Press, 2018). <\/p>\n<p style=\"text-align: left;\">\u00a0 \u00a0 \u00a0The commons hold us. We\u2019re here because the air is still breathable, and vegetables are good to us, or anyway, they can\u2019t help it. As trees form bonds with other trees, with certain predators, with mushrooms, so do we, and by bonds I mean, such strong bonds that there is no I without you. There is no human without the social, as we know it. Neither are there humans without bacteria. Or wheat. There is no clear line break where \u201eI\u201d begin and \u201eyou\u201d end. But we\u2019re not all the same, and overlooking differences is dangerous. We shouldn\u2019t idealize nature to keep it distant, nor should we consume it to make it ours. We shouldn\u2019t do everything as it does, as if we are one, nor should we think we can dominate it with our tech toys. Take the closest bond we like to imagine: mother and child. It\u2019s not all beautiful and it\u2019s not all commonly managed. There is a spider mother that lets herself be devoured by her children. For humans, there\u2019s a war in the womb between baby, needing as much nutrients as possible, and mother, trying to survive, stay healthy, keep some for herself (Sadedin, Aeon, 2014). There is conflict even in the closest of human connections. Therefore, what can the politics of the commons take from this assemblage of reality? <\/p>\n<p style=\"text-align: left;\">\u00a0 \u00a0 \u00a0From a US colonel we learn to give ownership to that which we love. To let it manage itself. From a scholar raised in the tradition of humanities and disco balls, we learn that solidarity is cheapest, it is \u201e<i>the default affective environment of the top layers of Earth\u2019s crust<\/i>\u201d (Morton, 2017). From researchers of the commons, we learn that they are a choice we make, \u201e<i>a commitment to the creation of collective subjects, a commitment to fostering common interests in every aspect of our life<\/i>\u201d (Caffentzis &amp; Federici, 2014). We should act towards togetherness, not only because that is what we are, but also because we will fail enough times to experience the opposite, anyway. We are both the commons\u2019, and we must choose to be so, actively, against enclosures that seem to satisfy so few of us for so little time. For the trees and the babies and the wild berries. <\/p>\n<h4>\n\t\tBibliografie:<br \/>\n\t<\/h4>\n<p>Bonneuil, C. &amp; Fressoz, JP (2017) <i>The Shock of the Anthropocene: The Earth, History and Us<\/i>, Verso <\/p>\n<p>Bollier, D. (2011). <i>The Growth of the Commons Paradigm<\/i>. In C. Hess, &amp; E. Ostrom (Eds.), Understanding Knowledge as a Commons: From Theory to Practice (pp.27-40). Cambridge: The MIT Press.<\/p>\n<p>Caffentzis, G &amp; Federici, S. (2014). <i>Commons against and beyond capitalism<\/i>, Community Development Journal, Volume 49, Issue suppl_1, 1 January 2014, Pages i92\u2013i105,<\/p>\n<p>Letzter, Rafi\u00a0(2018) <i>Space X sent a cute red Tesla Roadster into space. Here\u2019s what\u2019ll probably happen to it<\/i>, retrieved 14.02.2018\u00a0<\/p>\n<p><a href=\"https:\/\/www.washingtonpost.com\/national\/health-science\/heres-what-will-happen-to-space-xs-red-tesla-roadster-in-space\/2018\/02\/08\/7fd4499e-0c2d-11e8-8b0d-891602206fb7_story.html?utm_term=.417da6e92af0\">https:\/\/www.washingtonpost.com\/national\/health-science\/heres-what-will-happen-to-space-xs-red-tesla-roadster-in-space\/2018\/02\/08\/7fd4499e-0c2d-11e8-8b0d-891602206fb7_story.html?utm_term=.417da6e92af0<\/a><\/p>\n<p>Meillassoux, Q. (2010) <i>After finitude: An Essay on the Necessity of Contingency<\/i> , Continuum<\/p>\n<p>Morton, T. (2017) <i>Humankind:\u00a0 Solidarity with Nonhuman People<\/i>. Verso, August 2017<\/p>\n<p>Sadedin, S. (2014) <i>War in the Womb<\/i>, retrieved 15.02.2018 \u00a0<a href=\"https:\/\/aeon.co\/essays\/why-pregnancy-is-a-biological-war-between-mother-and-baby\">https:\/\/aeon.co\/essays\/why-pregnancy-is-a-biological-war-between-mother-and-baby<\/a><\/p>\n<p>Sullivan, S. (2009) `<i>Green Capitalism, and the Cultural Poverty of Constructing Nature as Service Provider<\/i> ` in Upsetting the Offset, MayflyBooks, UK<\/p>\n<p>Timm, T. (2018) <i>A tribute to James Dolan, co-creator of SecureDrop, who has tragically passed away at age 36,<\/i> Retrieved 15.02.2018 https:\/\/freedom.press\/news\/tribute-james-dolan-co-creator-securedrop-who-has-tragically-passed-away-age-36\/ <\/p>\n<p>Wohlleben, P. (2016) <i>The Hidden Life of Trees: What They Feel, How They Communicate\u2015Discoveries from a Secret World<\/i>, Greystone Books<\/p>\n<p>Wong, Julia. (2017) <i>Tesla factory workers reveal pain, injury and stress: &#8216;Everything feels like the future but us&#8217;,<\/i> retrieved 14.02.2018<\/p>\n<p><a href=\"https:\/\/www.theguardian.com\/technology\/2017\/may\/18\/tesla-workers-factory-conditions-elon-musk\">https:\/\/www.theguardian.com\/technology\/2017\/may\/18\/tesla-workers-factory-conditions-elon-musk<\/a><\/p>\n<p>Wikipedia, Tree That Owns Itself, retrieved 14.02.2018<\/p>\n<p><a href=\"https:\/\/en.wikipedia.org\/wiki\/Tree_That_Owns_Itself\">https:\/\/en.wikipedia.org\/wiki\/Tree_That_Owns_Itself<\/a><\/p>\n<h4>\n\t\tRealizare:<br \/>\n\t<\/h4>\n<p>Directed by: Aron Nor &amp; Mina Mimosa <\/p>\n<p>Written by: M <\/p>\n<p>Illustration: Mina Mimosa <\/p>\n<p>Animation: Aron Nor <\/p>\n<p>Voice-over: wndrproductions<\/p>\n<p> Music &amp; SFX: BAB <\/p>","protected":false},"excerpt":{"rendered":"<p>Towards togetherness for caring rocks and strawberries that like their own taste &#8220;For and in consideration of the great love I bear this tree and the great desire I have for its protection for all time, I convey entire possession of itself and all land within eight feet of the tree on all sides.&#8221; WILLIAM&hellip;<\/p>","protected":false},"author":1,"featured_media":0,"parent":0,"menu_order":0,"comment_status":"closed","ping_status":"closed","template":"","meta":{"footnotes":""},"class_list":["post-328","page","type-page","status-publish","hentry"],"yoast_head":"<!-- This site is optimized with the Yoast SEO plugin v27.1.1 - https:\/\/yoast.com\/product\/yoast-seo-wordpress\/ -->\n<title>Towards togetherness | Essay<\/title>\n<meta name=\"description\" content=\"Have you ever wondered about what we all have in common? Not just breathing - but beyond that, what are our commons, our human commons? And beyond that - the commons of living things, all living things? In this essay, we\u2019re exploring the idea of the commons down to the ontological base. Come, think with us.\" \/>\n<meta name=\"robots\" content=\"index, follow, max-snippet:-1, max-image-preview:large, max-video-preview:-1\" \/>\n<link rel=\"canonical\" href=\"https:\/\/justwondering.io\/ro\/towards-togetherness\/\" \/>\n<meta property=\"og:locale\" content=\"ro_RO\" \/>\n<meta property=\"og:type\" content=\"article\" \/>\n<meta property=\"og:title\" content=\"Towards togetherness | Essay\" \/>\n<meta property=\"og:description\" content=\"Have you ever wondered about what we all have in common? Not just breathing - but beyond that, what are our commons, our human commons? And beyond that - the commons of living things, all living things? In this essay, we\u2019re exploring the idea of the commons down to the ontological base. Come, think with us.\" \/>\n<meta property=\"og:url\" content=\"https:\/\/justwondering.io\/ro\/towards-togetherness\/\" \/>\n<meta property=\"og:site_name\" content=\"just wondering...\" \/>\n<meta property=\"article:publisher\" content=\"https:\/\/www.facebook.com\/justwonderingyt\" \/>\n<meta property=\"article:modified_time\" content=\"2020-11-28T11:52:40+00:00\" \/>\n<meta name=\"twitter:card\" content=\"summary_large_image\" \/>\n<meta name=\"twitter:site\" content=\"@justwonderingyt\" \/>\n<meta name=\"twitter:label1\" content=\"Timp estimat pentru citire\" \/>\n\t<meta name=\"twitter:data1\" content=\"9 minute\" \/>\n<script type=\"application\/ld+json\" class=\"yoast-schema-graph\">{\"@context\":\"https:\/\/schema.org\",\"@graph\":[{\"@type\":\"WebPage\",\"@id\":\"https:\/\/justwondering.io\/ro\/towards-togetherness\/\",\"url\":\"https:\/\/justwondering.io\/ro\/towards-togetherness\/\",\"name\":\"Towards togetherness | Essay\",\"isPartOf\":{\"@id\":\"https:\/\/justwondering.io\/#website\"},\"datePublished\":\"2018-06-18T11:02:40+00:00\",\"dateModified\":\"2020-11-28T11:52:40+00:00\",\"description\":\"Have you ever wondered about what we all have in common? Not just breathing - but beyond that, what are our commons, our human commons? And beyond that - the commons of living things, all living things? In this essay, we\u2019re exploring the idea of the commons down to the ontological base. Come, think with us.\",\"breadcrumb\":{\"@id\":\"https:\/\/justwondering.io\/ro\/towards-togetherness\/#breadcrumb\"},\"inLanguage\":\"ro-RO\",\"potentialAction\":[{\"@type\":\"ReadAction\",\"target\":[\"https:\/\/justwondering.io\/ro\/towards-togetherness\/\"]}]},{\"@type\":\"BreadcrumbList\",\"@id\":\"https:\/\/justwondering.io\/ro\/towards-togetherness\/#breadcrumb\",\"itemListElement\":[{\"@type\":\"ListItem\",\"position\":1,\"name\":\"Home\",\"item\":\"https:\/\/justwondering.io\/\"},{\"@type\":\"ListItem\",\"position\":2,\"name\":\"Towards togetherness\"}]},{\"@type\":\"WebSite\",\"@id\":\"https:\/\/justwondering.io\/#website\",\"url\":\"https:\/\/justwondering.io\/\",\"name\":\"just wondering...\",\"description\":\"Critical &amp; speculative animated essays. Exploring antispeciesism, posthumanism, social &amp; environmental justice.\",\"publisher\":{\"@id\":\"https:\/\/justwondering.io\/#organization\"},\"potentialAction\":[{\"@type\":\"SearchAction\",\"target\":{\"@type\":\"EntryPoint\",\"urlTemplate\":\"https:\/\/justwondering.io\/?s={search_term_string}\"},\"query-input\":{\"@type\":\"PropertyValueSpecification\",\"valueRequired\":true,\"valueName\":\"search_term_string\"}}],\"inLanguage\":\"ro-RO\"},{\"@type\":\"Organization\",\"@id\":\"https:\/\/justwondering.io\/#organization\",\"name\":\"just wondering...\",\"url\":\"https:\/\/justwondering.io\/\",\"logo\":{\"@type\":\"ImageObject\",\"inLanguage\":\"ro-RO\",\"@id\":\"https:\/\/justwondering.io\/#\/schema\/logo\/image\/\",\"url\":\"https:\/\/justwondering.io\/wp-content\/uploads\/2022\/11\/JW-logo.png\",\"contentUrl\":\"https:\/\/justwondering.io\/wp-content\/uploads\/2022\/11\/JW-logo.png\",\"width\":1000,\"height\":300,\"caption\":\"just wondering...\"},\"image\":{\"@id\":\"https:\/\/justwondering.io\/#\/schema\/logo\/image\/\"},\"sameAs\":[\"https:\/\/www.facebook.com\/justwonderingyt\",\"https:\/\/x.com\/justwonderingyt\",\"https:\/\/www.youtube.com\/c\/justwondering\",\"https:\/\/www.instagram.com\/justwondering.io\/\"]}]}<\/script>\n<!-- \/ Yoast SEO plugin. -->","yoast_head_json":{"title":"Towards togetherness | Essay","description":"Te-ai \u00eentrebat vreodat\u0103 ce avem noi, fiecare, \u00een comun? Nu doar c\u0103 respir\u0103m - mai mult de at\u00e2t, care sunt comunele noastre, comun fiec\u0103rui om? \u0218i dincolo de asta - comunele fiec\u0103rui lucru \u00een via\u021b\u0103, a tuturor? \u00cen acest eseu, explor\u0103m idea comunelor p\u00e2n\u0103 la baza ontologic\u0103. Vino, g\u00e2nde\u0219te cu noi.","robots":{"index":"index","follow":"follow","max-snippet":"max-snippet:-1","max-image-preview":"max-image-preview:large","max-video-preview":"max-video-preview:-1"},"canonical":"https:\/\/justwondering.io\/ro\/towards-togetherness\/","og_locale":"ro_RO","og_type":"article","og_title":"Towards togetherness | Essay","og_description":"Have you ever wondered about what we all have in common? Not just breathing - but beyond that, what are our commons, our human commons? And beyond that - the commons of living things, all living things? In this essay, we\u2019re exploring the idea of the commons down to the ontological base. Come, think with us.","og_url":"https:\/\/justwondering.io\/ro\/towards-togetherness\/","og_site_name":"just wondering...","article_publisher":"https:\/\/www.facebook.com\/justwonderingyt","article_modified_time":"2020-11-28T11:52:40+00:00","twitter_card":"summary_large_image","twitter_site":"@justwonderingyt","twitter_misc":{"Timp estimat pentru citire":"9 minute"},"schema":{"@context":"https:\/\/schema.org","@graph":[{"@type":"WebPage","@id":"https:\/\/justwondering.io\/ro\/towards-togetherness\/","url":"https:\/\/justwondering.io\/ro\/towards-togetherness\/","name":"Towards togetherness | Essay","isPartOf":{"@id":"https:\/\/justwondering.io\/#website"},"datePublished":"2018-06-18T11:02:40+00:00","dateModified":"2020-11-28T11:52:40+00:00","description":"Te-ai \u00eentrebat vreodat\u0103 ce avem noi, fiecare, \u00een comun? Nu doar c\u0103 respir\u0103m - mai mult de at\u00e2t, care sunt comunele noastre, comun fiec\u0103rui om? \u0218i dincolo de asta - comunele fiec\u0103rui lucru \u00een via\u021b\u0103, a tuturor? \u00cen acest eseu, explor\u0103m idea comunelor p\u00e2n\u0103 la baza ontologic\u0103. Vino, g\u00e2nde\u0219te cu noi.","breadcrumb":{"@id":"https:\/\/justwondering.io\/ro\/towards-togetherness\/#breadcrumb"},"inLanguage":"ro-RO","potentialAction":[{"@type":"ReadAction","target":["https:\/\/justwondering.io\/ro\/towards-togetherness\/"]}]},{"@type":"BreadcrumbList","@id":"https:\/\/justwondering.io\/ro\/towards-togetherness\/#breadcrumb","itemListElement":[{"@type":"ListItem","position":1,"name":"Home","item":"https:\/\/justwondering.io\/"},{"@type":"ListItem","position":2,"name":"Towards togetherness"}]},{"@type":"WebSite","@id":"https:\/\/justwondering.io\/#website","url":"https:\/\/justwondering.io\/","name":"just wondering...","description":"Critical &amp; speculative animated essays. Exploring antispeciesism, posthumanism, social &amp; environmental justice.","publisher":{"@id":"https:\/\/justwondering.io\/#organization"},"potentialAction":[{"@type":"SearchAction","target":{"@type":"EntryPoint","urlTemplate":"https:\/\/justwondering.io\/?s={search_term_string}"},"query-input":{"@type":"PropertyValueSpecification","valueRequired":true,"valueName":"search_term_string"}}],"inLanguage":"ro-RO"},{"@type":"Organization","@id":"https:\/\/justwondering.io\/#organization","name":"just wondering...","url":"https:\/\/justwondering.io\/","logo":{"@type":"ImageObject","inLanguage":"ro-RO","@id":"https:\/\/justwondering.io\/#\/schema\/logo\/image\/","url":"https:\/\/justwondering.io\/wp-content\/uploads\/2022\/11\/JW-logo.png","contentUrl":"https:\/\/justwondering.io\/wp-content\/uploads\/2022\/11\/JW-logo.png","width":1000,"height":300,"caption":"just wondering..."},"image":{"@id":"https:\/\/justwondering.io\/#\/schema\/logo\/image\/"},"sameAs":["https:\/\/www.facebook.com\/justwonderingyt","https:\/\/x.com\/justwonderingyt","https:\/\/www.youtube.com\/c\/justwondering","https:\/\/www.instagram.com\/justwondering.io\/"]}]}},"_links":{"self":[{"href":"https:\/\/justwondering.io\/ro\/wp-json\/wp\/v2\/pages\/328","targetHints":{"allow":["GET"]}}],"collection":[{"href":"https:\/\/justwondering.io\/ro\/wp-json\/wp\/v2\/pages"}],"about":[{"href":"https:\/\/justwondering.io\/ro\/wp-json\/wp\/v2\/types\/page"}],"author":[{"embeddable":true,"href":"https:\/\/justwondering.io\/ro\/wp-json\/wp\/v2\/users\/1"}],"replies":[{"embeddable":true,"href":"https:\/\/justwondering.io\/ro\/wp-json\/wp\/v2\/comments?post=328"}],"version-history":[{"count":15,"href":"https:\/\/justwondering.io\/ro\/wp-json\/wp\/v2\/pages\/328\/revisions"}],"predecessor-version":[{"id":659,"href":"https:\/\/justwondering.io\/ro\/wp-json\/wp\/v2\/pages\/328\/revisions\/659"}],"wp:attachment":[{"href":"https:\/\/justwondering.io\/ro\/wp-json\/wp\/v2\/media?parent=328"}],"curies":[{"name":"wp","href":"https:\/\/api.w.org\/{rel}","templated":true}]}}