{"id":414,"date":"2019-09-26T08:37:30","date_gmt":"2019-09-26T08:37:30","guid":{"rendered":"https:\/\/justwondering.io\/?page_id=414"},"modified":"2025-12-18T12:13:22","modified_gmt":"2025-12-18T12:13:22","slug":"support","status":"publish","type":"page","link":"https:\/\/justwondering.io\/ro\/support\/","title":{"rendered":"Support"},"content":{"rendered":"<h3>\n\t\thelp us produce the animated essays&#8230;\n\t<\/h3>\n\t\t\t\t<img decoding=\"async\" src=\"https:\/\/www.justwondering.io\/wp-content\/uploads\/2023\/11\/support-illustration-1024x253.png\" alt=\"support-illustration\" itemprop=\"image\" title=\"support-illustration\" onerror=\"this.style.display='none'\"  \/>\n\t<p>Hi! We&#8217;re Aron, Mina &amp; M. from just wondering&#8230;<\/p>\n<p>\u00cen primul r\u00e2nd, \u00ee\u021bi mul\u021bumim c\u0103 te-ai g\u00e2ndit s\u0103 ne sus\u021bii! \u0218tim c\u00e2t de multe proiecte au nevoie de sus\u021binere \u00een acest moment \u0219i suntem foarte recunosc\u0103torix.<\/p>\n<p>We, at just wondering&#8230;, have been working on making animated essays since 2016, aiming to put forward critical narratives and make academic knowledge more accessible. Increasingly, we&#8217;ve become focused on social and environmental justice issues, antispeciesism, posthumanism and total liberation politics.<\/p>\n<p>We&#8217;re three close friends from Eastern Europe (Romania), each with their own curiosities and expertise, working together to produce these videos. We&#8217;ve grown and learned a lot in these years, as well as worked countless hours on this project and collaborated with absolutely amazing writers and artists. Our short film &#8220;we fly, we crawl, we swim&#8221; got awarded at numerous film festivals and a few of our animated essays have been shown in art galleries and exhibitions.<\/p>\n\t\t<h3><a href=\"https:\/\/www.patreon.com\/justwondering\" target=\"_self\">Sus\u021bine-ne lunar<\/a><\/h3>\t\t\n\t\t\t<p>s\u0103 putem crea mai multe!<\/p>\n\t\t\t<a href=\"https:\/\/www.patreon.com\/justwondering\" target=\"_self\">\n\t\t\t\t\t\tSus\u021bine-ne pe Patreon\n\t\t\t\t\t<\/a>\n\t\t\t\t<a href=\"https:\/\/www.patreon.com\/justwondering\" target=\"_self\" itemprop=\"url\">\n\t\t\t\t<img decoding=\"async\" src=\"https:\/\/www.justwondering.io\/wp-content\/uploads\/2023\/11\/Icon-support-Patreon-300x242.png\" alt=\"Icon-support-Patreon\" itemprop=\"image\" title=\"Icon-support-Patreon\" onerror=\"this.style.display='none'\"  \/>\n\t\t\t\t<\/a>\n\t\t<h3><a href=\"https:\/\/www.ko-fi.com\/justwondering\" target=\"_self\">Sprijin\u0103-ne munca<\/a><\/h3>\t\t\n\t\t\t<p>printr-o singur\u0103 dona\u021bie!<\/p>\n\t\t\t<a href=\"https:\/\/www.ko-fi.com\/justwondering\" target=\"_self\">\n\t\t\t\t\t\tCump\u0103r\u0103-ne o cafea\n\t\t\t\t\t<\/a>\n\t\t\t\t<a href=\"https:\/\/www.ko-fi.com\/justwondering\" target=\"_self\" itemprop=\"url\">\n\t\t\t\t<img decoding=\"async\" src=\"https:\/\/www.justwondering.io\/wp-content\/uploads\/2023\/11\/Icon-support-kofi-300x242.png\" alt=\"Icon-support-kofi\" itemprop=\"image\" title=\"Icon-support-kofi\" onerror=\"this.style.display='none'\"  \/>\n\t\t\t\t<\/a>\n<h4>\n\t\tdeci, de ce avem nevoie de sprijinul t\u0103u? \n\t<\/h4>\n\t<p>Realizarea acestor eseuri animate este captivant\u0103, dar \u0219i provocatoare. Aproape fiecare film pe care \u00eel realiz\u0103m necesit\u0103 sute de ore, de la concept la cercetare, scriere, editare, \u00eenregistrare, ilustrare, anima\u021bie, compozi\u021bie \u0219i post-produc\u021bie, f\u0103c\u00e2nd ca totul s\u0103 func\u021bioneze \u00eempreun\u0103. Unele eseuri animate pot fi realizate \u00eentr-o lun\u0103 sau dou\u0103, dar alte proiecte, mai complexe, pot dura mai mult de jum\u0103tate de an, cum a fost cazul scurtmetrajului nostru<\/p>\n<p>We&#8217;re very dedicated to doing this work and really believe in the power of audiovisual storytelling to get across critical ideas. In time, our films have gotten more specific, but we believe they are also stronger that way.<\/p>\n<p>Sprijinul t\u0103u ar \u00eensemna c\u0103 putem continua s\u0103 facem aceast\u0103 munc\u0103 f\u0103r\u0103 s\u0103 c\u0103ut\u0103m locuri de munc\u0103 mai stabile \u0219i mai plictisitoare. A\u0219a c\u0103 \u00ee\u021bi mul\u021bumim, de un milion de ori.<\/p>\n<h4>\n\t\tc\u00e2t de des public\u0103m un eseu animat?\n\t<\/h4>\n\t<p>Well, wouldn&#8217;t we want to know too! It really depends on the project. Some animated essays can take about a month or two to complete, other videos\/films take six or more. Sometimes it&#8217;s harder, sometimes it&#8217;s easier, but we&#8217;ll keep you updated with what&#8217;s going on.<\/p>\n<h4>\n\t\taccesibilitate\n\t<\/h4>\n\t<p>Toate eseurile noastre animate sunt open-access, publicate pe canalul nostru Youtube \u0219i pe site. Ele sunt \u00een principal \u00een limba englez\u0103 \u0219i aproape toate sunt subtitrate \u00een englez\u0103, rom\u00e2n\u0103 \u0219i alte c\u00e2teva limbi.<\/p>\n<p>In the case of our animated essays from the playlist &#8220;dictionary of thinkers &amp; concepts&#8221;, you can check their bibliography and read the full essay (video transcript) on our website too, where illustrations are also published with alt-text descriptions.<\/p>\n<h3>\n\t\tgrants &#038; fellowships&#8230;\n\t<\/h3>\n\t\t\t\t<a href=\"https:\/\/www.cultureandanimals.org\/\" target=\"_self\" itemprop=\"url\">\n\t\t\t\t<img decoding=\"async\" src=\"https:\/\/www.justwondering.io\/wp-content\/uploads\/2021\/03\/CAF_square_bw-whiteee-4.png\" alt=\"CAF_square_bw-whiteee-4\" itemprop=\"image\" title=\"CAF_square_bw-whiteee-4\" onerror=\"this.style.display='none'\"  \/>\n\t\t\t\t<\/a>\n\t<p>\u00cen 2020 am aplicat pentru un grant la <a href=\"https:\/\/www.cultureandanimals.org\/\">Culture &amp; Animals Foundation<\/a>. We received it for helping us make our short film &#8220;<a href=\"https:\/\/justwondering.io\/ro\/we-fly-we-crawl-we-swim\/\">we fly, we crawl, we swim<\/a>&#8221; which can now be viewed online.<\/p>\n\t\t\t\t<a href=\"https:\/\/thenewnew.space\/\" target=\"_self\" itemprop=\"url\">\n\t\t\t\t<img decoding=\"async\" src=\"https:\/\/www.justwondering.io\/wp-content\/uploads\/2021\/03\/the_new_new_logo_white-transparency.png\" alt=\"the_new_new_logo_white-transparency\" itemprop=\"image\" title=\"the_new_new_logo_white-transparency\" onerror=\"this.style.display='none'\"  \/>\n\t\t\t\t<\/a>\n\t<p>\u00cen 2021 am aplicat la <a href=\"https:\/\/thenewnew.space\/fellowship\/\">The New New fellowship<\/a> \u0219i proiectul nostru a fost acceptat! De la jum\u0103tatea lui martie la jum\u0103tatea lui septembrie 2021, am fost parte din acest fellowship, particip\u00e2nd la explorarea unui viitor digital mai inclusiv \u0219i mai just.<\/p>\n\t\t\t\t<a href=\"https:\/\/www.cultureandanimals.org\/\" target=\"_self\" itemprop=\"url\">\n\t\t\t\t<img loading=\"lazy\" decoding=\"async\" src=\"https:\/\/justwondering.io\/wp-content\/uploads\/2025\/12\/589648235_845131075074560_1467458861039151086_n.png\" alt=\"589648235_845131075074560_1467458861039151086_n\" itemprop=\"image\" height=\"800\" width=\"800\" title=\"589648235_845131075074560_1467458861039151086_n\" onerror=\"this.style.display='none'\"  \/>\n\t\t\t\t<\/a>\n\t<p>In 2024 we applied and got the &#8220;<a href=\"https:\/\/anarchistagency.com\/2024-jaamg-recipients\/\">Jen Angel Anarchist Media Grant<\/a>&#8221; from Agency and the Institute for Anarchist Studies. Watch the video-essay \u201e<a href=\"https:\/\/justwondering.io\/ro\/total-liberation-breaking-bread-until-we-are-free\/\">Total liberation &#8211; Breaking bread until we are free<\/a>&#8221; that we were given support to make.<\/p>\n\t\t\t\t<a href=\"https:\/\/thenewnew.space\/\" target=\"_self\" itemprop=\"url\">\n\t\t\t\t<img loading=\"lazy\" decoding=\"async\" src=\"https:\/\/justwondering.io\/wp-content\/uploads\/2025\/12\/NWO-logo-diapositive-RGB-transparent-background.png\" alt=\"NWO logo - diapositive - RGB - transparent background\" itemprop=\"image\" height=\"957\" width=\"591\" title=\"NWO logo - diapositive - RGB - transparent background\" onerror=\"this.style.display='none'\"  \/>\n\t\t\t\t<\/a>\n\t<p>In 2025 we were invited to be part of \u201e<a href=\"https:\/\/evameijer.nl\/thepoliticsofnoteatinganimals.htm\">The politics of (not) eating animals<\/a>&#8221; project by Eva Meijer. It was supported by a Veni Grant from the Dutch Research Council (NWO). As a result, we were able to make our first feature documentary, \u201e<a href=\"https:\/\/justwondering.io\/ro\/straying-home-a-film-essay-with-urban-animals\/\">Straying home. A\u00a0film essay with urban animals<\/a>&#8220;.<\/p>","protected":false},"excerpt":{"rendered":"<p>help us produce the animated essays&#8230; Hi! We&#8217;re Aron, Mina &amp; M. from just wondering&#8230; First of all, thank you for considering supporting us! We know just how many things need support right now, and are very grateful. We, at just wondering&#8230;, have been working on making animated essays since 2016, aiming to put forward&hellip;<\/p>","protected":false},"author":1,"featured_media":0,"parent":0,"menu_order":0,"comment_status":"closed","ping_status":"closed","template":"","meta":{"footnotes":""},"class_list":["post-414","page","type-page","status-publish","hentry"],"yoast_head":"<!-- This site is optimized with the Yoast SEO plugin v27.1.1 - https:\/\/yoast.com\/product\/yoast-seo-wordpress\/ -->\n<title>Support | just wondering...<\/title>\n<meta name=\"description\" content=\"Support us, we\u2019re looking for ways to make the project sustainable. A coffee a day keeps some ecological anxiety away!\" \/>\n<meta name=\"robots\" content=\"index, follow, max-snippet:-1, max-image-preview:large, max-video-preview:-1\" \/>\n<link rel=\"canonical\" href=\"https:\/\/justwondering.io\/ro\/support\/\" \/>\n<meta property=\"og:locale\" content=\"ro_RO\" \/>\n<meta property=\"og:type\" content=\"article\" \/>\n<meta property=\"og:title\" content=\"Support | just wondering...\" \/>\n<meta property=\"og:description\" content=\"Support us, we\u2019re looking for ways to make the project sustainable. A coffee a day keeps some ecological anxiety away!\" \/>\n<meta property=\"og:url\" content=\"https:\/\/justwondering.io\/ro\/support\/\" \/>\n<meta property=\"og:site_name\" content=\"just wondering...\" \/>\n<meta property=\"article:publisher\" content=\"https:\/\/www.facebook.com\/justwonderingyt\" \/>\n<meta property=\"article:modified_time\" content=\"2025-12-18T12:13:22+00:00\" \/>\n<meta property=\"og:image\" content=\"https:\/\/www.justwondering.io\/wp-content\/uploads\/2023\/11\/support-illustration-1024x253.png\" \/>\n<meta name=\"twitter:card\" content=\"summary_large_image\" \/>\n<meta name=\"twitter:site\" content=\"@justwonderingyt\" \/>\n<meta name=\"twitter:label1\" content=\"Timp estimat pentru citire\" \/>\n\t<meta name=\"twitter:data1\" content=\"3 minute\" \/>\n<script type=\"application\/ld+json\" class=\"yoast-schema-graph\">{\"@context\":\"https:\/\/schema.org\",\"@graph\":[{\"@type\":\"WebPage\",\"@id\":\"https:\/\/justwondering.io\/support\/\",\"url\":\"https:\/\/justwondering.io\/support\/\",\"name\":\"Support | just wondering...\",\"isPartOf\":{\"@id\":\"https:\/\/justwondering.io\/#website\"},\"primaryImageOfPage\":{\"@id\":\"https:\/\/justwondering.io\/support\/#primaryimage\"},\"image\":{\"@id\":\"https:\/\/justwondering.io\/support\/#primaryimage\"},\"thumbnailUrl\":\"https:\/\/www.justwondering.io\/wp-content\/uploads\/2023\/11\/support-illustration-1024x253.png\",\"datePublished\":\"2019-09-26T08:37:30+00:00\",\"dateModified\":\"2025-12-18T12:13:22+00:00\",\"description\":\"Support us, we\u2019re looking for ways to make the project sustainable. A coffee a day keeps some ecological anxiety away!\",\"breadcrumb\":{\"@id\":\"https:\/\/justwondering.io\/support\/#breadcrumb\"},\"inLanguage\":\"ro-RO\",\"potentialAction\":[{\"@type\":\"ReadAction\",\"target\":[\"https:\/\/justwondering.io\/support\/\"]}]},{\"@type\":\"ImageObject\",\"inLanguage\":\"ro-RO\",\"@id\":\"https:\/\/justwondering.io\/support\/#primaryimage\",\"url\":\"https:\/\/www.justwondering.io\/wp-content\/uploads\/2023\/11\/support-illustration-1024x253.png\",\"contentUrl\":\"https:\/\/www.justwondering.io\/wp-content\/uploads\/2023\/11\/support-illustration-1024x253.png\"},{\"@type\":\"BreadcrumbList\",\"@id\":\"https:\/\/justwondering.io\/support\/#breadcrumb\",\"itemListElement\":[{\"@type\":\"ListItem\",\"position\":1,\"name\":\"Home\",\"item\":\"https:\/\/justwondering.io\/\"},{\"@type\":\"ListItem\",\"position\":2,\"name\":\"Support\"}]},{\"@type\":\"WebSite\",\"@id\":\"https:\/\/justwondering.io\/#website\",\"url\":\"https:\/\/justwondering.io\/\",\"name\":\"just wondering...\",\"description\":\"Critical &amp; speculative animated essays. Exploring antispeciesism, posthumanism, social &amp; environmental justice.\",\"publisher\":{\"@id\":\"https:\/\/justwondering.io\/#organization\"},\"potentialAction\":[{\"@type\":\"SearchAction\",\"target\":{\"@type\":\"EntryPoint\",\"urlTemplate\":\"https:\/\/justwondering.io\/?s={search_term_string}\"},\"query-input\":{\"@type\":\"PropertyValueSpecification\",\"valueRequired\":true,\"valueName\":\"search_term_string\"}}],\"inLanguage\":\"ro-RO\"},{\"@type\":\"Organization\",\"@id\":\"https:\/\/justwondering.io\/#organization\",\"name\":\"just wondering...\",\"url\":\"https:\/\/justwondering.io\/\",\"logo\":{\"@type\":\"ImageObject\",\"inLanguage\":\"ro-RO\",\"@id\":\"https:\/\/justwondering.io\/#\/schema\/logo\/image\/\",\"url\":\"https:\/\/justwondering.io\/wp-content\/uploads\/2022\/11\/JW-logo.png\",\"contentUrl\":\"https:\/\/justwondering.io\/wp-content\/uploads\/2022\/11\/JW-logo.png\",\"width\":1000,\"height\":300,\"caption\":\"just wondering...\"},\"image\":{\"@id\":\"https:\/\/justwondering.io\/#\/schema\/logo\/image\/\"},\"sameAs\":[\"https:\/\/www.facebook.com\/justwonderingyt\",\"https:\/\/x.com\/justwonderingyt\",\"https:\/\/www.youtube.com\/c\/justwondering\",\"https:\/\/www.instagram.com\/justwondering.io\/\"]}]}<\/script>\n<!-- \/ Yoast SEO plugin. -->","yoast_head_json":{"title":"Support | just wondering...","description":"Support us, we\u2019re looking for ways to make the project sustainable. A coffee a day keeps some ecological anxiety away!","robots":{"index":"index","follow":"follow","max-snippet":"max-snippet:-1","max-image-preview":"max-image-preview:large","max-video-preview":"max-video-preview:-1"},"canonical":"https:\/\/justwondering.io\/ro\/support\/","og_locale":"ro_RO","og_type":"article","og_title":"Support | just wondering...","og_description":"Support us, we\u2019re looking for ways to make the project sustainable. A coffee a day keeps some ecological anxiety away!","og_url":"https:\/\/justwondering.io\/ro\/support\/","og_site_name":"just wondering...","article_publisher":"https:\/\/www.facebook.com\/justwonderingyt","article_modified_time":"2025-12-18T12:13:22+00:00","og_image":[{"url":"https:\/\/www.justwondering.io\/wp-content\/uploads\/2023\/11\/support-illustration-1024x253.png","type":"","width":"","height":""}],"twitter_card":"summary_large_image","twitter_site":"@justwonderingyt","twitter_misc":{"Timp estimat pentru citire":"3 minute"},"schema":{"@context":"https:\/\/schema.org","@graph":[{"@type":"WebPage","@id":"https:\/\/justwondering.io\/support\/","url":"https:\/\/justwondering.io\/support\/","name":"Support | just wondering...","isPartOf":{"@id":"https:\/\/justwondering.io\/#website"},"primaryImageOfPage":{"@id":"https:\/\/justwondering.io\/support\/#primaryimage"},"image":{"@id":"https:\/\/justwondering.io\/support\/#primaryimage"},"thumbnailUrl":"https:\/\/www.justwondering.io\/wp-content\/uploads\/2023\/11\/support-illustration-1024x253.png","datePublished":"2019-09-26T08:37:30+00:00","dateModified":"2025-12-18T12:13:22+00:00","description":"Support us, we\u2019re looking for ways to make the project sustainable. A coffee a day keeps some ecological anxiety away!","breadcrumb":{"@id":"https:\/\/justwondering.io\/support\/#breadcrumb"},"inLanguage":"ro-RO","potentialAction":[{"@type":"ReadAction","target":["https:\/\/justwondering.io\/support\/"]}]},{"@type":"ImageObject","inLanguage":"ro-RO","@id":"https:\/\/justwondering.io\/support\/#primaryimage","url":"https:\/\/www.justwondering.io\/wp-content\/uploads\/2023\/11\/support-illustration-1024x253.png","contentUrl":"https:\/\/www.justwondering.io\/wp-content\/uploads\/2023\/11\/support-illustration-1024x253.png"},{"@type":"BreadcrumbList","@id":"https:\/\/justwondering.io\/support\/#breadcrumb","itemListElement":[{"@type":"ListItem","position":1,"name":"Home","item":"https:\/\/justwondering.io\/"},{"@type":"ListItem","position":2,"name":"Support"}]},{"@type":"WebSite","@id":"https:\/\/justwondering.io\/#website","url":"https:\/\/justwondering.io\/","name":"just wondering...","description":"Critical &amp; speculative animated essays. Exploring antispeciesism, posthumanism, social &amp; environmental justice.","publisher":{"@id":"https:\/\/justwondering.io\/#organization"},"potentialAction":[{"@type":"SearchAction","target":{"@type":"EntryPoint","urlTemplate":"https:\/\/justwondering.io\/?s={search_term_string}"},"query-input":{"@type":"PropertyValueSpecification","valueRequired":true,"valueName":"search_term_string"}}],"inLanguage":"ro-RO"},{"@type":"Organization","@id":"https:\/\/justwondering.io\/#organization","name":"just wondering...","url":"https:\/\/justwondering.io\/","logo":{"@type":"ImageObject","inLanguage":"ro-RO","@id":"https:\/\/justwondering.io\/#\/schema\/logo\/image\/","url":"https:\/\/justwondering.io\/wp-content\/uploads\/2022\/11\/JW-logo.png","contentUrl":"https:\/\/justwondering.io\/wp-content\/uploads\/2022\/11\/JW-logo.png","width":1000,"height":300,"caption":"just wondering..."},"image":{"@id":"https:\/\/justwondering.io\/#\/schema\/logo\/image\/"},"sameAs":["https:\/\/www.facebook.com\/justwonderingyt","https:\/\/x.com\/justwonderingyt","https:\/\/www.youtube.com\/c\/justwondering","https:\/\/www.instagram.com\/justwondering.io\/"]}]}},"_links":{"self":[{"href":"https:\/\/justwondering.io\/ro\/wp-json\/wp\/v2\/pages\/414","targetHints":{"allow":["GET"]}}],"collection":[{"href":"https:\/\/justwondering.io\/ro\/wp-json\/wp\/v2\/pages"}],"about":[{"href":"https:\/\/justwondering.io\/ro\/wp-json\/wp\/v2\/types\/page"}],"author":[{"embeddable":true,"href":"https:\/\/justwondering.io\/ro\/wp-json\/wp\/v2\/users\/1"}],"replies":[{"embeddable":true,"href":"https:\/\/justwondering.io\/ro\/wp-json\/wp\/v2\/comments?post=414"}],"version-history":[{"count":37,"href":"https:\/\/justwondering.io\/ro\/wp-json\/wp\/v2\/pages\/414\/revisions"}],"predecessor-version":[{"id":1835,"href":"https:\/\/justwondering.io\/ro\/wp-json\/wp\/v2\/pages\/414\/revisions\/1835"}],"wp:attachment":[{"href":"https:\/\/justwondering.io\/ro\/wp-json\/wp\/v2\/media?parent=414"}],"curies":[{"name":"wp","href":"https:\/\/api.w.org\/{rel}","templated":true}]}}