{"id":64,"date":"2016-01-27T13:13:07","date_gmt":"2016-01-27T13:13:07","guid":{"rendered":"http:\/\/37.60.245.109\/~andracio\/brainyarmy.com\/?page_id=64"},"modified":"2025-09-02T10:12:44","modified_gmt":"2025-09-02T10:12:44","slug":"about","status":"publish","type":"page","link":"https:\/\/justwondering.io\/ro\/about\/","title":{"rendered":"Despre noi"},"content":{"rendered":"<h3>\n\t\twhat, who, why&#8230;\n\t<\/h3>\n\t\t\t\t<img decoding=\"async\" src=\"https:\/\/www.justwondering.io\/wp-content\/uploads\/2023\/11\/chicken-alpha-jw-300x226.png\" alt=\"chicken-alpha-jw\" itemprop=\"image\" title=\"chicken-alpha-jw\" onerror=\"this.style.display='none'\"  \/>\n\t<p><strong>just wondering&#8230; <\/strong>este un mic colectiv autonom ce creeaz\u0103 eseuri animate critice \u0219i speculative. Produc\u021biile realizate exploreaz\u0103 adesea antispeciismul, postumanismul, justi\u021bia social\u0103 \u0219i de mediu. Colectivul este format din Aron Nor, cercet\u0103tor independent \u0219i regizor-artivist autodidact, Mina Mimosa, artist\u0103 vizual\u0103 \u0219i ilustratoare, \u0219i M. Martelli, scriitoare \u0219i cercet\u0103toare-activist\u0103.<\/p>\n<h3>\n\t\tco-producers&#8230;\n\t<\/h3>\n\t\t\t\t<img decoding=\"async\" src=\"https:\/\/www.justwondering.io\/wp-content\/uploads\/2023\/11\/Aron-avatar-alpha-1024x1024.png\" alt=\"Aron-avatar-alpha\" itemprop=\"image\" title=\"Aron-avatar-alpha\" onerror=\"this.style.display='none'\"  \/>\n<h3>\n\t\tAron Nor\n\t<\/h3>\n\t<p>regizor, cercet\u0103tor, animator \u0219i editor<\/p>\n<p>Lucreaz\u0103 \u00eenspre coexisten\u021b\u0103, contest\u00e2nd antroprivilegiul.<\/p>\n<p>Autodidact \u00een tot \u0219i toate, dar celebreaz\u0103 interdependen\u021ba, nu at\u00e2t de mult individualitatea.<\/p>\n<p>Reads philosophy and researches the Romanian &#8220;street dogs problem&#8221;.<\/p>\n\t\t\t\t<img decoding=\"async\" src=\"https:\/\/www.justwondering.io\/wp-content\/uploads\/2023\/11\/Mina-avatar-alpha-1024x1024.png\" alt=\"Mina-avatar-alpha\" itemprop=\"image\" title=\"Mina-avatar-alpha\" onerror=\"this.style.display='none'\"  \/>\n<h3>\n\t\tMina Mimosa\n\t<\/h3>\n\t<p>ilustratoare, art director \u0219i designer<\/p>\n<p>\u021aine tandre\u021bea ca un fel de a fi, vulnerabilitatea ca o form\u0103 de art\u0103.<\/p>\n<p>\u00cen sf\u00e2r\u0219it, accept\u0103 c\u0103 a fi comparat\u0103 cu o mimoz\u0103 e, de fapt, un fel de compliment.<\/p>\n<p>Studied sculpture, reads speculative fiction and graphic novels.<\/p>\n\t\t\t\t<img decoding=\"async\" src=\"https:\/\/www.justwondering.io\/wp-content\/uploads\/2023\/11\/Maria-avatar-alpha-1024x1024.png\" alt=\"Maria-avatar-alpha\" itemprop=\"image\" title=\"Maria-avatar-alpha\" onerror=\"this.style.display='none'\"  \/>\n<h3>\n\t\tM. Martelli\n\t<\/h3>\n\t<p>cercet\u0103toare, scriitoare \u0219i produc\u0103toare<\/p>\n<p>Tr\u0103ie\u0219te cu un pesimism plin de speran\u021b\u0103 ca \u0219i r\u0103spuns la aceast\u0103 lume injust\u0103.<\/p>\n<p>Draws energy from poetry, sun rays, coffee, and queer-feminist solidarity.<\/p>\n<p>G\u00e2nde\u0219te scriind \u0219i se minuneaz\u0103 la plante c\u00e2nd \u00eenfloresc.<\/p>\n<h3>\n\t\tmore about us&#8230;\n\t<\/h3>\n\tSuntem un colectiv de trei indivizi din Rom\u00e2nia. Unul dintre scopurile noastre este s\u0103 deschidem o fereastr\u0103 spre scrierile teoretice din diferite c\u00e2mpuri filosofice \u0219i sociologice, dedic\u00e2ndu-ne unui proces \u00eentreg \u00een care cercet\u0103m, scriem, ilustr\u0103m, anim\u0103m, compunem \u0219i colabor\u0103m cu alte persoane pentru a prezenta <strong>viziuni critice \u0219i radicale asupra status quo-ului. <\/strong>Cu timpul, perspectivele noastre au devenit mai influen\u021bate de studiile critice despre animale, justi\u021bia antiabilist\u0103, postumanism(e), justi\u021bia de mediu \u0219i proiectul de eliberare total\u0103.<strong><br \/>\n<\/strong>\n\t<p>Cre\u0103m <strong>eseuri animate<\/strong> de la zero, de la concept \u0219i p\u00e2n\u0103 la ultimele detalii, minut cu minut, transform\u00e2nd cuvintele \u00een ilustra\u021bii \u0219i mi\u0219c\u00e2ndu-le pentru a produce ceva asupra c\u0103ruia s\u0103 reflect\u0103m, s\u0103 sim\u021bim \u0219i s\u0103 ne imagin\u0103m mai departe.<\/p>\n\t<p>just wondering&#8230; doesn&#8217;t just wander aimlessly. Most often there are pressing questions we look to pose, questions that pain us, and questions that give us joy. Our work is<strong> inevitabil, politic\u0103 \u0219i speculativ\u0103<\/strong>, urm\u0103rind s\u0103 adreseze opresiunea \u00een toate formele ei, chestion\u00e2nd rela\u021biile de putere, privilegiile, \u0219i propria noastr\u0103 pozi\u021bie \u00een lume. Ne uit\u0103m \u00eenspre <strong>filozofie,<\/strong> \u00eenspre<strong> sociologie,<\/strong> \u00eenspre <strong>poezie<\/strong> \u0219i<strong> art\u0103 <\/strong>for different answers. Sometimes we find some, sometimes we end up with more questions. Always enmeshed in them personally. Always charmed with the search. Always wary and anxious of pretending to know. Always believing in the search for some form of &#8216;knowledge&#8217; that doesn&#8217;t just rest in the thinking-subject awaiting to be found, but it is of our embodiment, of our sensitivity towards the world, and reflective of the more-than-human intricacy. We&#8217;re not always successful, and our philosophies change, but we hope this project will give more to the world than it takes from it.<\/p>","protected":false},"excerpt":{"rendered":"<p>what, who, why&#8230; just wondering&#8230; is a small autonomous collective that creates critical and speculative animated essays. The productions often explore anti-speciesism, posthumanism, social and environmental justice. The collective consists of Aron Nor, independent researcher and self-taught filmmaker-artivist, Mina Mimosa, visual artist and illustrator, and M. Martelli, writer and researcher-activist. co-producers&#8230; Aron Nor director, researcher,&hellip;<\/p>","protected":false},"author":1,"featured_media":0,"parent":0,"menu_order":0,"comment_status":"closed","ping_status":"closed","template":"","meta":{"footnotes":""},"class_list":["post-64","page","type-page","status-publish","hentry"],"yoast_head":"<!-- This site is optimized with the Yoast SEO plugin v27.1.1 - https:\/\/yoast.com\/product\/yoast-seo-wordpress\/ -->\n<title>about |\u00a0 just wondering...<\/title>\n<meta name=\"description\" content=\"just wondering... is a small autonomous collective that creates critical and speculative animated essays. The productions often explore anti-speciesism, posthumanism, social and environmental justice. The collective consists of Aron Nor, independent researcher and self-taught filmmaker-artivist, Mina Mimosa, visual artist and illustrator, and M. Martelli, writer and researcher-activist.\" \/>\n<meta name=\"robots\" content=\"index, follow, max-snippet:-1, max-image-preview:large, max-video-preview:-1\" \/>\n<link rel=\"canonical\" href=\"https:\/\/justwondering.io\/ro\/about\/\" \/>\n<meta property=\"og:locale\" content=\"ro_RO\" \/>\n<meta property=\"og:type\" content=\"article\" \/>\n<meta property=\"og:title\" content=\"about |\u00a0 just wondering...\" \/>\n<meta property=\"og:description\" content=\"just wondering... is a small autonomous collective that creates critical and speculative animated essays. The productions often explore anti-speciesism, posthumanism, social and environmental justice. The collective consists of Aron Nor, independent researcher and self-taught filmmaker-artivist, Mina Mimosa, visual artist and illustrator, and M. Martelli, writer and researcher-activist.\" \/>\n<meta property=\"og:url\" content=\"https:\/\/justwondering.io\/ro\/about\/\" \/>\n<meta property=\"og:site_name\" content=\"just wondering...\" \/>\n<meta property=\"article:publisher\" content=\"https:\/\/www.facebook.com\/justwonderingyt\" \/>\n<meta property=\"article:modified_time\" content=\"2025-09-02T10:12:44+00:00\" \/>\n<meta name=\"twitter:card\" content=\"summary_large_image\" \/>\n<meta name=\"twitter:title\" content=\"About |\u00a0 Short animated essays\" \/>\n<meta name=\"twitter:description\" content=\"Video essays trying to think through the human world right now. Philosophy, sociology &amp; art. Worrying about the anthropocene and how to live in capitalism.\" \/>\n<meta name=\"twitter:site\" content=\"@justwonderingyt\" \/>\n<meta name=\"twitter:label1\" content=\"Timp estimat pentru citire\" \/>\n\t<meta name=\"twitter:data1\" content=\"3 minute\" \/>\n<script type=\"application\/ld+json\" class=\"yoast-schema-graph\">{\"@context\":\"https:\/\/schema.org\",\"@graph\":[{\"@type\":\"WebPage\",\"@id\":\"https:\/\/justwondering.io\/about\/\",\"url\":\"https:\/\/justwondering.io\/about\/\",\"name\":\"about |\u00a0 just wondering...\",\"isPartOf\":{\"@id\":\"https:\/\/justwondering.io\/#website\"},\"primaryImageOfPage\":{\"@id\":\"https:\/\/justwondering.io\/about\/#primaryimage\"},\"image\":{\"@id\":\"https:\/\/justwondering.io\/about\/#primaryimage\"},\"thumbnailUrl\":\"https:\/\/www.justwondering.io\/wp-content\/uploads\/2023\/11\/chicken-alpha-jw-300x226.png\",\"datePublished\":\"2016-01-27T13:13:07+00:00\",\"dateModified\":\"2025-09-02T10:12:44+00:00\",\"description\":\"just wondering... is a small autonomous collective that creates critical and speculative animated essays. The productions often explore anti-speciesism, posthumanism, social and environmental justice. The collective consists of Aron Nor, independent researcher and self-taught filmmaker-artivist, Mina Mimosa, visual artist and illustrator, and M. Martelli, writer and researcher-activist.\",\"breadcrumb\":{\"@id\":\"https:\/\/justwondering.io\/about\/#breadcrumb\"},\"inLanguage\":\"ro-RO\",\"potentialAction\":[{\"@type\":\"ReadAction\",\"target\":[\"https:\/\/justwondering.io\/about\/\"]}]},{\"@type\":\"ImageObject\",\"inLanguage\":\"ro-RO\",\"@id\":\"https:\/\/justwondering.io\/about\/#primaryimage\",\"url\":\"https:\/\/www.justwondering.io\/wp-content\/uploads\/2023\/11\/chicken-alpha-jw-300x226.png\",\"contentUrl\":\"https:\/\/www.justwondering.io\/wp-content\/uploads\/2023\/11\/chicken-alpha-jw-300x226.png\"},{\"@type\":\"BreadcrumbList\",\"@id\":\"https:\/\/justwondering.io\/about\/#breadcrumb\",\"itemListElement\":[{\"@type\":\"ListItem\",\"position\":1,\"name\":\"Home\",\"item\":\"https:\/\/justwondering.io\/\"},{\"@type\":\"ListItem\",\"position\":2,\"name\":\"About\"}]},{\"@type\":\"WebSite\",\"@id\":\"https:\/\/justwondering.io\/#website\",\"url\":\"https:\/\/justwondering.io\/\",\"name\":\"just wondering...\",\"description\":\"Critical &amp; speculative animated essays. Exploring antispeciesism, posthumanism, social &amp; environmental justice.\",\"publisher\":{\"@id\":\"https:\/\/justwondering.io\/#organization\"},\"potentialAction\":[{\"@type\":\"SearchAction\",\"target\":{\"@type\":\"EntryPoint\",\"urlTemplate\":\"https:\/\/justwondering.io\/?s={search_term_string}\"},\"query-input\":{\"@type\":\"PropertyValueSpecification\",\"valueRequired\":true,\"valueName\":\"search_term_string\"}}],\"inLanguage\":\"ro-RO\"},{\"@type\":\"Organization\",\"@id\":\"https:\/\/justwondering.io\/#organization\",\"name\":\"just wondering...\",\"url\":\"https:\/\/justwondering.io\/\",\"logo\":{\"@type\":\"ImageObject\",\"inLanguage\":\"ro-RO\",\"@id\":\"https:\/\/justwondering.io\/#\/schema\/logo\/image\/\",\"url\":\"https:\/\/justwondering.io\/wp-content\/uploads\/2022\/11\/JW-logo.png\",\"contentUrl\":\"https:\/\/justwondering.io\/wp-content\/uploads\/2022\/11\/JW-logo.png\",\"width\":1000,\"height\":300,\"caption\":\"just wondering...\"},\"image\":{\"@id\":\"https:\/\/justwondering.io\/#\/schema\/logo\/image\/\"},\"sameAs\":[\"https:\/\/www.facebook.com\/justwonderingyt\",\"https:\/\/x.com\/justwonderingyt\",\"https:\/\/www.youtube.com\/c\/justwondering\",\"https:\/\/www.instagram.com\/justwondering.io\/\"]}]}<\/script>\n<!-- \/ Yoast SEO plugin. -->","yoast_head_json":{"title":"about |\u00a0 just wondering...","description":"just wondering... is a small autonomous collective that creates critical and speculative animated essays. The productions often explore anti-speciesism, posthumanism, social and environmental justice. The collective consists of Aron Nor, independent researcher and self-taught filmmaker-artivist, Mina Mimosa, visual artist and illustrator, and M. Martelli, writer and researcher-activist.","robots":{"index":"index","follow":"follow","max-snippet":"max-snippet:-1","max-image-preview":"max-image-preview:large","max-video-preview":"max-video-preview:-1"},"canonical":"https:\/\/justwondering.io\/ro\/about\/","og_locale":"ro_RO","og_type":"article","og_title":"about |\u00a0 just wondering...","og_description":"just wondering... is a small autonomous collective that creates critical and speculative animated essays. The productions often explore anti-speciesism, posthumanism, social and environmental justice. The collective consists of Aron Nor, independent researcher and self-taught filmmaker-artivist, Mina Mimosa, visual artist and illustrator, and M. Martelli, writer and researcher-activist.","og_url":"https:\/\/justwondering.io\/ro\/about\/","og_site_name":"just wondering...","article_publisher":"https:\/\/www.facebook.com\/justwonderingyt","article_modified_time":"2025-09-02T10:12:44+00:00","twitter_card":"summary_large_image","twitter_title":"About |\u00a0 Short animated essays","twitter_description":"Video essays trying to think through the human world right now. Philosophy, sociology & art. Worrying about the anthropocene and how to live in capitalism.","twitter_site":"@justwonderingyt","twitter_misc":{"Timp estimat pentru citire":"3 minute"},"schema":{"@context":"https:\/\/schema.org","@graph":[{"@type":"WebPage","@id":"https:\/\/justwondering.io\/about\/","url":"https:\/\/justwondering.io\/about\/","name":"about |\u00a0 just wondering...","isPartOf":{"@id":"https:\/\/justwondering.io\/#website"},"primaryImageOfPage":{"@id":"https:\/\/justwondering.io\/about\/#primaryimage"},"image":{"@id":"https:\/\/justwondering.io\/about\/#primaryimage"},"thumbnailUrl":"https:\/\/www.justwondering.io\/wp-content\/uploads\/2023\/11\/chicken-alpha-jw-300x226.png","datePublished":"2016-01-27T13:13:07+00:00","dateModified":"2025-09-02T10:12:44+00:00","description":"just wondering... is a small autonomous collective that creates critical and speculative animated essays. The productions often explore anti-speciesism, posthumanism, social and environmental justice. The collective consists of Aron Nor, independent researcher and self-taught filmmaker-artivist, Mina Mimosa, visual artist and illustrator, and M. Martelli, writer and researcher-activist.","breadcrumb":{"@id":"https:\/\/justwondering.io\/about\/#breadcrumb"},"inLanguage":"ro-RO","potentialAction":[{"@type":"ReadAction","target":["https:\/\/justwondering.io\/about\/"]}]},{"@type":"ImageObject","inLanguage":"ro-RO","@id":"https:\/\/justwondering.io\/about\/#primaryimage","url":"https:\/\/www.justwondering.io\/wp-content\/uploads\/2023\/11\/chicken-alpha-jw-300x226.png","contentUrl":"https:\/\/www.justwondering.io\/wp-content\/uploads\/2023\/11\/chicken-alpha-jw-300x226.png"},{"@type":"BreadcrumbList","@id":"https:\/\/justwondering.io\/about\/#breadcrumb","itemListElement":[{"@type":"ListItem","position":1,"name":"Home","item":"https:\/\/justwondering.io\/"},{"@type":"ListItem","position":2,"name":"About"}]},{"@type":"WebSite","@id":"https:\/\/justwondering.io\/#website","url":"https:\/\/justwondering.io\/","name":"just wondering...","description":"Critical &amp; speculative animated essays. Exploring antispeciesism, posthumanism, social &amp; environmental justice.","publisher":{"@id":"https:\/\/justwondering.io\/#organization"},"potentialAction":[{"@type":"SearchAction","target":{"@type":"EntryPoint","urlTemplate":"https:\/\/justwondering.io\/?s={search_term_string}"},"query-input":{"@type":"PropertyValueSpecification","valueRequired":true,"valueName":"search_term_string"}}],"inLanguage":"ro-RO"},{"@type":"Organization","@id":"https:\/\/justwondering.io\/#organization","name":"just wondering...","url":"https:\/\/justwondering.io\/","logo":{"@type":"ImageObject","inLanguage":"ro-RO","@id":"https:\/\/justwondering.io\/#\/schema\/logo\/image\/","url":"https:\/\/justwondering.io\/wp-content\/uploads\/2022\/11\/JW-logo.png","contentUrl":"https:\/\/justwondering.io\/wp-content\/uploads\/2022\/11\/JW-logo.png","width":1000,"height":300,"caption":"just wondering..."},"image":{"@id":"https:\/\/justwondering.io\/#\/schema\/logo\/image\/"},"sameAs":["https:\/\/www.facebook.com\/justwonderingyt","https:\/\/x.com\/justwonderingyt","https:\/\/www.youtube.com\/c\/justwondering","https:\/\/www.instagram.com\/justwondering.io\/"]}]}},"_links":{"self":[{"href":"https:\/\/justwondering.io\/ro\/wp-json\/wp\/v2\/pages\/64","targetHints":{"allow":["GET"]}}],"collection":[{"href":"https:\/\/justwondering.io\/ro\/wp-json\/wp\/v2\/pages"}],"about":[{"href":"https:\/\/justwondering.io\/ro\/wp-json\/wp\/v2\/types\/page"}],"author":[{"embeddable":true,"href":"https:\/\/justwondering.io\/ro\/wp-json\/wp\/v2\/users\/1"}],"replies":[{"embeddable":true,"href":"https:\/\/justwondering.io\/ro\/wp-json\/wp\/v2\/comments?post=64"}],"version-history":[{"count":107,"href":"https:\/\/justwondering.io\/ro\/wp-json\/wp\/v2\/pages\/64\/revisions"}],"predecessor-version":[{"id":1722,"href":"https:\/\/justwondering.io\/ro\/wp-json\/wp\/v2\/pages\/64\/revisions\/1722"}],"wp:attachment":[{"href":"https:\/\/justwondering.io\/ro\/wp-json\/wp\/v2\/media?parent=64"}],"curies":[{"name":"wp","href":"https:\/\/api.w.org\/{rel}","templated":true}]}}