{"id":665,"date":"2020-11-30T15:12:05","date_gmt":"2020-11-30T15:12:05","guid":{"rendered":"https:\/\/justwondering.io\/?page_id=665"},"modified":"2021-05-29T18:05:08","modified_gmt":"2021-05-29T18:05:08","slug":"we-fly-we-crawl-we-swim","status":"publish","type":"page","link":"https:\/\/justwondering.io\/ro\/we-fly-we-crawl-we-swim\/","title":{"rendered":"We fly, we crawl, we swim"},"content":{"rendered":"<h3>\n\t\twe fly, we crawl, we swim<br \/>\n\t<\/h3>\n<h4>\n\t\tun scurtmetraj despre justi\u021bia climatic\u0103<br \/>\n\t<\/h4>\n<p>\t<iframe loading=\"lazy\" width=\"560\" height=\"315\" src=\"https:\/\/www.youtube.com\/embed\/1eED-qkdmic\" frameborder=\"0\" allow=\"accelerometer; autoplay; clipboard-write; encrypted-media; gyroscope; picture-in-picture\" allowfullscreen><\/iframe><\/p>\n<p style=\"text-align: center;\">\u201cFrom the current, humanist, liberal model, we can walk, fly, swim and crawl to a multispecies society&#8230;\u201d<\/p>\n<p style=\"text-align: left;\">Synopsis: The search for justice is not an individual endeavor, it is a collective practice of world-making. Haunted by past extinctions, a human being starts wondering what climate justice might look like, what its faces may be, when other beings are involved in the questioning. A cat, and many other non-human animals become present and part of the process, sharing their experiences, and moving together towards multispecies justice. The questions the film poses are as real as you (or me) are.\u00a0<\/p>\n<p style=\"text-align: left;\">Concept: A short animated film that explores different ideas of justice through anti-speciesist lenses. The film engages with ideas taken from environmental justice, political ecology, political philosophy, posthumanism, critical animal studies, and anti-speciesist thought in general. Its main aim is to seek out possibilities of making climate justice with other animals.<\/p>\n<p style=\"text-align: left;\">Length: 23 minutes and 31 seconds<\/p>\n<p style=\"text-align: left;\">Country of origin: Romania<\/p>\n<p>Disclaimer: The film uses a fictional dialogue to put into discussion contemporary theories and portray real events.<\/p>\n<p style=\"text-align: center;\"><strong>\u201eO superb\u0103 \u0219i p\u0103trunz\u0103toare oper\u0103 de art\u0103, care contest\u0103 ororile actuale, propun\u00e2nd o viziune a lumii care include o justi\u021bie pentru to\u021bi oamenii \u0219i celelalte animale.\u201d<\/strong><\/p>\n<p style=\"text-align: center;\">David Nibert &#8211; professor of sociology, author of \u201cAnimal Oppression and Human Violence: Domesecration, Capitalism and Global Conflict\u201d<\/p>\n<p style=\"text-align: center;\"><strong>\u201ewe fly, we crawl, we swim\u201d este o poveste at\u00e2t trist\u0103, c\u00e2t \u0219i plin\u0103 de speran\u021b\u0103, despre via\u021ba \u00eentr-o lume multispecii. \u00cen ilustra\u021bii frumoase, ne arat\u0103 ce e gre\u0219it cu realitatea prezentului \u0219i cum putem s\u0103 ne mi\u0219c\u0103im dincolo de ea, spre un alt viitor. Pentru c\u0103 putem \u0219i trebuie s\u0103 facem lucrurile mai bine, \u00eempreun\u0103 cu celelalte animale.\u201d<\/strong><\/p>\n<p style=\"text-align: center;\"> Eva Meijer &#8211; artist, writer and philosopher, author of \u201cWhen animals speak: Toward an Interspecies Democracy\u201d<\/p>\n<p style=\"text-align: center;\"><strong>\u201cFrom human supremacy and ecocide to interspecies justice &#8211; an incredible journey in line, motion, color and sound.\u201d\u00a0<\/strong><\/p>\n<p style=\"text-align: center;\"> Sue Donaldson &#8211; writer and philosopher, co-author of \u201cZoopolis: A Political Theory of Animal Rights\u201d<\/p>\n<p style=\"text-align: center;\"><strong>\u201eImpresionant.\u201d<\/strong><\/p>\n<p style=\"text-align: center;\">pattrice jones &#8211; ecofeminist writer, educator, and activist, cofounder of VINE Sanctuary<\/p>\n<p style=\"text-align: center;\"><strong>\u201eJuxtapunerea dintre s\u0103r\u0103cie extrem\u0103 \u0219i valoarea bursei la Tyson chiar m-a frapat. E o oper\u0103 absolut superb\u0103.\u201d <\/strong><\/p>\n<p style=\"text-align: center;\">Z. Zane McNeill &#8211; scholar-activist and co-editor of \u201cQueer and Trans Voices: Achieving Liberation Through Consistent Anti-Oppression\u201d<\/p>\n<h3>\n\t\tfilm teaser<br \/>\n\t<\/h3>\n<p>\t<iframe loading=\"lazy\" width=\"560\" height=\"315\" src=\"https:\/\/www.youtube.com\/embed\/567boI8k0c8\" frameborder=\"0\" allow=\"accelerometer; autoplay; clipboard-write; encrypted-media; gyroscope; picture-in-picture\" allowfullscreen><\/iframe><\/p>\n<p>Co-producer, Director, Researcher, Writer, Lead Animator, SFX &amp; Video Editor: Aron Nor<\/p>\n<p>Co-producer, Art Director, Illustrator, Frame by frame Animator: Mina Mimosa<\/p>\n<p>Co-producer, Researcher, Writer, Voice of human: M. Martelli<\/p>\n<p>Voice of justice: Oana Cristina Pu\u0219catu<\/p>\n<p>Voice of ancestors: Teodora Retegan<\/p>\n<p>Voice of Aria: Aria, herself<\/p>\n<p>\t<a href=\"https:\/\/justwondering.io\/ro\/poems-from-the-production-process\/\" target=\"_self\" role=\"button\" rel=\"noopener\"><br \/>\n\t\t\t\tPoeme din procesul de produc\u021bie [EN]<br \/>\n\t\t\t<\/a><br \/>\n\t<a href=\"https:\/\/justwondering.io\/ro\/ten-fears-of-representation\/\" target=\"_self\" role=\"button\" rel=\"noopener\"><br \/>\n\t\t\t\tG\u00e2nduri din timpul de produc\u021bie [EN]<br \/>\n\t\t\t<\/a><br \/>\n\t<a href=\"https:\/\/posthum.ro\/articole\/interview-just-wondering\/\" target=\"_self\" role=\"button\" rel=\"noopener\"><br \/>\n\t\t\t\t(Interviu) Nu exist\u0103 justi\u021bie f\u0103r\u0103 justi\u021bie climatic\u0103, nici justi\u021bie climatic\u0103 f\u0103r\u0103 antispeciism [EN]<br \/>\n\t\t\t<\/a><br \/>\n\t\t\tBibliografie:<\/p>\n<p>Blattner, C. E., Donaldson, S., &#038; Wilcox, R. (2020). Animal Agency in Community: A Political Multispecies Ethnography of VINE Sanctuary. <i>POLITICS AND ANIMALS<\/i>, <i>6<\/i>, 22.<\/p>\n<p>Bo\u0308hm, S., &#038; Dabhi, S. (2010). <i>Upsetting the offset: The political economy of carbon markets<\/i>. MayFlyBooks.<\/p>\n<p>Burke, A., Fishel, S., Mitchell, A., Dalby, S., &#038; Levine, D. J. (2016). Planet Politics: A Manifesto from the End of IR. <i>Millennium: Journal of International Studies<\/i>, <i>44<\/i>(3), 499\u2013523.<a href=\"https:\/\/doi.org\/10.1177\/0305829816636674\"> https:\/\/doi.org\/10.1177\/0305829816636674<\/a><\/p>\n<p>Celermajer, D., Chatterjee, S., Cochrane, A., Fishel, S., Neimanis, A., O\u2019Brien, A., Reid, S., Srinivasan, K., Schlosberg, D., &#038; Waldow, A. (2020). Justice Through a Multispecies Lens. <i>Contemporary Political Theory<\/i>.<a href=\"https:\/\/doi.org\/10.1057\/s41296-020-00386-5\"> https:\/\/doi.org\/10.1057\/s41296-020-00386-5<\/a><\/p>\n<p>Chandler, D., Cudworth, E., &#038; Hobden, S. (2018). Anthropocene, Capitalocene and Liberal Cosmopolitan IR: A Response to Burke et al.\u2019s \u2018Planet Politics.\u2019 <i>Millennium: Journal of International Studies<\/i>, <i>46<\/i>(2), 190\u2013208.<a href=\"https:\/\/doi.org\/10.1177\/0305829817715247\"> https:\/\/doi.org\/10.1177\/0305829817715247<\/a><\/p>\n<p>Donaldson, S., &#038; Kymlicka, W. (2011). <i>Zoopolis: A political theory of animal rights<\/i>. Oxford University Press.<\/p>\n<p>Fraser, N. (2013). <i>Fortunes of feminism: From state-managed capitalism to neoliberal crisis<\/i>. Verso.<\/p>\n<p>Horta, O. (2010). What is Speciesism? <i>Journal of Agricultural and Environmental Ethics<\/i>, <i>23<\/i>(3), 243\u2013266.<a href=\"https:\/\/doi.org\/10.1007\/s10806-009-9205-2\"> https:\/\/doi.org\/10.1007\/s10806-009-9205-2<\/a><\/p>\n<p>Lucius, R. (2015). The Oppression of Non-Human Animals as a Crisis of Social and Ecological Justice.<\/p>\n<p>Meijer, E. (2019). <i>When Animals Speak: Toward an Interspecies Democracy<\/i>. New York University Press.<\/p>\n<p>Meijer, E. (2020). <i>ANIMAL LANGUAGES<\/i>. MIT PRESS.<\/p>\n<p>Meijer, E. (2013). Political communication with animals. <i>Humanimalia: A Journal of Human\/Animal Interface Studies<\/i>, <i>5<\/i>(1), 28-51.<\/p>\n<p>Morton, T. (2019). <i>Humankind: Solidarity with nonhuman people<\/i>. Verso.\u00a0<\/p>\n<p>Nibert, D. A. (2013). <i>Animal oppression and human violence: Domesecration, capitalism, and global conflict<\/i>. Columbia University Press.<\/p>\n<p>Pellow, D. N. (2016). TOWARD A CRITICAL ENVIRONMENTAL JUSTICE STUDIES: Black Lives Matter as an Environmental Justice Challenge. <i>Du Bois Review: Social Science Research on Race<\/i>, <i>13<\/i>(2), 221\u2013236.<a href=\"https:\/\/doi.org\/10.1017\/S1742058X1600014X\"> https:\/\/doi.org\/10.1017\/S1742058X1600014X<\/a><\/p>\n<p>Singh, N. M. (2019). Environmental justice, degrowth and post-capitalist futures.Ecological Economics, 163:138\u2013142.<\/p>\n<p>Schlosberg, P. D. (2019). <i>Multispecies Justice: A New Approach to a Growing Environmental Threat<\/i>. 25.<\/p>\n<p>Schlosberg, D., &#038; Collins, L. B. (2014). From environmental to climate justice: climate change and the discourse of environmental justice. <i>Wiley Interdisciplinary Reviews: Climate Change<\/i>, <i>5<\/i>(3), 359-374.<\/p>\n<p>Svarstad, H., &#038; Benjaminsen, T. A. (2020). Reading radical environmental justice through a political ecology lens. <i>Geoforum<\/i>, <i>108<\/i>, 1\u201311.<a href=\"https:\/\/doi.org\/10.1016\/j.geoforum.2019.11.007\"> https:\/\/doi.org\/10.1016\/j.geoforum.2019.11.007<\/a><\/p>\n<p>Taylor, S. (2019). <i>Beasts of burden: Animal and disability liberation<\/i>. Atlantic Provinces Special Education Authority, Library.<\/p>\n<p>Tsai, Y., Carbonell, I., Chevrier, J., Tsing, A. (2016). Golden Snail Opera: The More-than-Human Performance of Friendly Farming on Taiwan\u2019s Lanyang Plain. <em>Cultural Anthropology<\/em>. 31. 520-544. 10.14506\/ca31.4.04.<\/p>\n<p>Turk, A. T. (1976). Law as a weapon in social conflict.SocialProblems, 23(3):276\u2013291.<\/p>\n<p>Woodhall, A., &#038; Garmendia da Trindade, G. (Eds.). (2017). <i>Ethical and Political Approaches to Nonhuman Animal Issues<\/i>. Springer International Publishing.<a href=\"https:\/\/doi.org\/10.1007\/978-3-319-54549-3\"> https:\/\/doi.org\/10.1007\/978-3-319-54549-3<\/a><\/p>\n<p>\t\t\tInforma\u021bi pentru proiec\u021bie<\/p>\n<p>\u201cwe fly, we crawl, we swim &#8211; a short film about climate justice\u201d is free for screening in any event, location or classroom, given proper credit.\u00a0<\/p>\n<p>\u00a0<\/p>\n<p>Dac\u0103 dore\u0219ti s\u0103 faci o vizionare \u0219i nu ai conexiune bun\u0103 de internet, trimite-ne un mail la <a href=\"mailto:contact@justwondering.io\">contact@justwondering.io<\/a> \u0219i \u00ee\u021bi vom trimite fi\u0219ierul pentru download, \u00eempreun\u0103 cu subtitr\u0103rile (avem \u00een Englez\u0103, Rom\u00e2n\u0103, Italian\u0103, Spaniol\u0103, Polonez\u0103).\u00a0<\/p>\n<p>\u00a0<\/p>\n<p>Dac\u0103 faci o proiec\u021bie \u0219i se poart\u0103 o discu\u021bie, am aprecia s\u0103 afl\u0103m \u0219i noi cum a fost!<\/p>\n<p>\u00a0<\/p>\n<p>Dac\u0103 ai nevoie de idei pentru a porni discu\u021bia dup\u0103 vizionare, putem preg\u0103ti o list\u0103 de \u00eentreb\u0103ri.<\/p>\n<h3>\n\t\tSus\u021binut de<br \/>\n\t<\/h3>\n<h4>\n\t\tgrantul din 2020 de la<br \/>\n\t<\/h4>\n<p>\t\t\t\t<a href=\"https:\/\/www.cultureandanimals.org\/\" target=\"_self\" itemprop=\"url\" rel=\"noopener\"><br \/>\n\t\t\t\t<img decoding=\"async\" src=\"https:\/\/justwondering.io\/wp-content\/uploads\/2020\/11\/CAF_square_bw-white.png\" alt=\"Culture &amp; Animal Foundation\" itemprop=\"image\"  \/><br \/>\n\t\t\t\t<\/a><br \/>\n\t\t\t\t<a href=\"https:\/\/www.cultureandanimals.org\/\" target=\"_self\" itemprop=\"url\" rel=\"noopener\"><br \/>\n\t\t\t\t<img decoding=\"async\" src=\"https:\/\/justwondering.io\/wp-content\/uploads\/2020\/11\/CAF_square_bw-whiteee.png\" alt=\"Culture &amp; Animal Foundation\" itemprop=\"image\"  \/><br \/>\n\t\t\t\t<\/a><\/p>","protected":false},"excerpt":{"rendered":"<p>we fly, we crawl, we swim a short film about climate justice \u201cFrom the current, humanist, liberal model, we can walk, fly, swim and crawl to a multispecies society&#8230;\u201d Synopsis: The search for justice is not an individual endeavor, it is a collective practice of world-making. Haunted by past extinctions, a human being starts wondering&hellip;<\/p>","protected":false},"author":1,"featured_media":0,"parent":0,"menu_order":0,"comment_status":"closed","ping_status":"closed","template":"","meta":{"footnotes":""},"class_list":["post-665","page","type-page","status-publish","hentry"],"yoast_head":"<!-- This site is optimized with the Yoast SEO plugin v27.1.1 - https:\/\/yoast.com\/product\/yoast-seo-wordpress\/ -->\n<title>We fly, we crawl, we swim | just wondering...<\/title>\n<meta name=\"description\" content=\"A short animated film about climate justice through antispeciesist points of view.\" \/>\n<meta name=\"robots\" content=\"index, follow, max-snippet:-1, max-image-preview:large, max-video-preview:-1\" \/>\n<link rel=\"canonical\" href=\"https:\/\/justwondering.io\/ro\/we-fly-we-crawl-we-swim\/\" \/>\n<meta property=\"og:locale\" content=\"ro_RO\" \/>\n<meta property=\"og:type\" content=\"article\" \/>\n<meta property=\"og:title\" content=\"We fly, we crawl, we swim\" \/>\n<meta property=\"og:description\" content=\"A short animated film about climate justice through antispeciesist points of view.\" \/>\n<meta property=\"og:url\" content=\"https:\/\/justwondering.io\/ro\/we-fly-we-crawl-we-swim\/\" \/>\n<meta property=\"og:site_name\" content=\"just wondering...\" \/>\n<meta property=\"article:publisher\" content=\"https:\/\/www.facebook.com\/justwonderingyt\" \/>\n<meta property=\"article:modified_time\" content=\"2021-05-29T18:05:08+00:00\" \/>\n<meta name=\"twitter:card\" content=\"summary_large_image\" \/>\n<meta name=\"twitter:image\" content=\"https:\/\/justwondering.io\/wp-content\/uploads\/2020\/11\/CAF_square_bw-white.png\" \/>\n<meta name=\"twitter:site\" content=\"@justwonderingyt\" \/>\n<meta name=\"twitter:label1\" content=\"Timp estimat pentru citire\" \/>\n\t<meta name=\"twitter:data1\" content=\"5 minute\" \/>\n<script type=\"application\/ld+json\" class=\"yoast-schema-graph\">{\"@context\":\"https:\/\/schema.org\",\"@graph\":[{\"@type\":\"WebPage\",\"@id\":\"https:\/\/justwondering.io\/we-fly-we-crawl-we-swim\/\",\"url\":\"https:\/\/justwondering.io\/we-fly-we-crawl-we-swim\/\",\"name\":\"We fly, we crawl, we swim | just wondering...\",\"isPartOf\":{\"@id\":\"https:\/\/justwondering.io\/#website\"},\"primaryImageOfPage\":{\"@id\":\"https:\/\/justwondering.io\/we-fly-we-crawl-we-swim\/#primaryimage\"},\"image\":{\"@id\":\"https:\/\/justwondering.io\/we-fly-we-crawl-we-swim\/#primaryimage\"},\"thumbnailUrl\":\"https:\/\/justwondering.io\/wp-content\/uploads\/2020\/11\/CAF_square_bw-white.png\",\"datePublished\":\"2020-11-30T15:12:05+00:00\",\"dateModified\":\"2021-05-29T18:05:08+00:00\",\"description\":\"A short animated film about climate justice through antispeciesist points of view.\",\"breadcrumb\":{\"@id\":\"https:\/\/justwondering.io\/we-fly-we-crawl-we-swim\/#breadcrumb\"},\"inLanguage\":\"ro-RO\",\"potentialAction\":[{\"@type\":\"ReadAction\",\"target\":[\"https:\/\/justwondering.io\/we-fly-we-crawl-we-swim\/\"]}]},{\"@type\":\"ImageObject\",\"inLanguage\":\"ro-RO\",\"@id\":\"https:\/\/justwondering.io\/we-fly-we-crawl-we-swim\/#primaryimage\",\"url\":\"https:\/\/justwondering.io\/wp-content\/uploads\/2020\/11\/CAF_square_bw-white.png\",\"contentUrl\":\"https:\/\/justwondering.io\/wp-content\/uploads\/2020\/11\/CAF_square_bw-white.png\"},{\"@type\":\"BreadcrumbList\",\"@id\":\"https:\/\/justwondering.io\/we-fly-we-crawl-we-swim\/#breadcrumb\",\"itemListElement\":[{\"@type\":\"ListItem\",\"position\":1,\"name\":\"Home\",\"item\":\"https:\/\/justwondering.io\/\"},{\"@type\":\"ListItem\",\"position\":2,\"name\":\"We fly, we crawl, we swim\"}]},{\"@type\":\"WebSite\",\"@id\":\"https:\/\/justwondering.io\/#website\",\"url\":\"https:\/\/justwondering.io\/\",\"name\":\"just wondering...\",\"description\":\"Critical &amp; speculative animated essays. Exploring antispeciesism, posthumanism, social &amp; environmental justice.\",\"publisher\":{\"@id\":\"https:\/\/justwondering.io\/#organization\"},\"potentialAction\":[{\"@type\":\"SearchAction\",\"target\":{\"@type\":\"EntryPoint\",\"urlTemplate\":\"https:\/\/justwondering.io\/?s={search_term_string}\"},\"query-input\":{\"@type\":\"PropertyValueSpecification\",\"valueRequired\":true,\"valueName\":\"search_term_string\"}}],\"inLanguage\":\"ro-RO\"},{\"@type\":\"Organization\",\"@id\":\"https:\/\/justwondering.io\/#organization\",\"name\":\"just wondering...\",\"url\":\"https:\/\/justwondering.io\/\",\"logo\":{\"@type\":\"ImageObject\",\"inLanguage\":\"ro-RO\",\"@id\":\"https:\/\/justwondering.io\/#\/schema\/logo\/image\/\",\"url\":\"https:\/\/justwondering.io\/wp-content\/uploads\/2022\/11\/JW-logo.png\",\"contentUrl\":\"https:\/\/justwondering.io\/wp-content\/uploads\/2022\/11\/JW-logo.png\",\"width\":1000,\"height\":300,\"caption\":\"just wondering...\"},\"image\":{\"@id\":\"https:\/\/justwondering.io\/#\/schema\/logo\/image\/\"},\"sameAs\":[\"https:\/\/www.facebook.com\/justwonderingyt\",\"https:\/\/x.com\/justwonderingyt\",\"https:\/\/www.youtube.com\/c\/justwondering\",\"https:\/\/www.instagram.com\/justwondering.io\/\"]}]}<\/script>\n<!-- \/ Yoast SEO plugin. -->","yoast_head_json":{"title":"We fly, we crawl, we swim | just wondering...","description":"A short animated film about climate justice through antispeciesist points of view.","robots":{"index":"index","follow":"follow","max-snippet":"max-snippet:-1","max-image-preview":"max-image-preview:large","max-video-preview":"max-video-preview:-1"},"canonical":"https:\/\/justwondering.io\/ro\/we-fly-we-crawl-we-swim\/","og_locale":"ro_RO","og_type":"article","og_title":"We fly, we crawl, we swim","og_description":"A short animated film about climate justice through antispeciesist points of view.","og_url":"https:\/\/justwondering.io\/ro\/we-fly-we-crawl-we-swim\/","og_site_name":"just wondering...","article_publisher":"https:\/\/www.facebook.com\/justwonderingyt","article_modified_time":"2021-05-29T18:05:08+00:00","twitter_card":"summary_large_image","twitter_image":"https:\/\/justwondering.io\/wp-content\/uploads\/2020\/11\/CAF_square_bw-white.png","twitter_site":"@justwonderingyt","twitter_misc":{"Timp estimat pentru citire":"5 minute"},"schema":{"@context":"https:\/\/schema.org","@graph":[{"@type":"WebPage","@id":"https:\/\/justwondering.io\/we-fly-we-crawl-we-swim\/","url":"https:\/\/justwondering.io\/we-fly-we-crawl-we-swim\/","name":"We fly, we crawl, we swim | just wondering...","isPartOf":{"@id":"https:\/\/justwondering.io\/#website"},"primaryImageOfPage":{"@id":"https:\/\/justwondering.io\/we-fly-we-crawl-we-swim\/#primaryimage"},"image":{"@id":"https:\/\/justwondering.io\/we-fly-we-crawl-we-swim\/#primaryimage"},"thumbnailUrl":"https:\/\/justwondering.io\/wp-content\/uploads\/2020\/11\/CAF_square_bw-white.png","datePublished":"2020-11-30T15:12:05+00:00","dateModified":"2021-05-29T18:05:08+00:00","description":"A short animated film about climate justice through antispeciesist points of view.","breadcrumb":{"@id":"https:\/\/justwondering.io\/we-fly-we-crawl-we-swim\/#breadcrumb"},"inLanguage":"ro-RO","potentialAction":[{"@type":"ReadAction","target":["https:\/\/justwondering.io\/we-fly-we-crawl-we-swim\/"]}]},{"@type":"ImageObject","inLanguage":"ro-RO","@id":"https:\/\/justwondering.io\/we-fly-we-crawl-we-swim\/#primaryimage","url":"https:\/\/justwondering.io\/wp-content\/uploads\/2020\/11\/CAF_square_bw-white.png","contentUrl":"https:\/\/justwondering.io\/wp-content\/uploads\/2020\/11\/CAF_square_bw-white.png"},{"@type":"BreadcrumbList","@id":"https:\/\/justwondering.io\/we-fly-we-crawl-we-swim\/#breadcrumb","itemListElement":[{"@type":"ListItem","position":1,"name":"Home","item":"https:\/\/justwondering.io\/"},{"@type":"ListItem","position":2,"name":"We fly, we crawl, we swim"}]},{"@type":"WebSite","@id":"https:\/\/justwondering.io\/#website","url":"https:\/\/justwondering.io\/","name":"just wondering...","description":"Critical &amp; speculative animated essays. Exploring antispeciesism, posthumanism, social &amp; environmental justice.","publisher":{"@id":"https:\/\/justwondering.io\/#organization"},"potentialAction":[{"@type":"SearchAction","target":{"@type":"EntryPoint","urlTemplate":"https:\/\/justwondering.io\/?s={search_term_string}"},"query-input":{"@type":"PropertyValueSpecification","valueRequired":true,"valueName":"search_term_string"}}],"inLanguage":"ro-RO"},{"@type":"Organization","@id":"https:\/\/justwondering.io\/#organization","name":"just wondering...","url":"https:\/\/justwondering.io\/","logo":{"@type":"ImageObject","inLanguage":"ro-RO","@id":"https:\/\/justwondering.io\/#\/schema\/logo\/image\/","url":"https:\/\/justwondering.io\/wp-content\/uploads\/2022\/11\/JW-logo.png","contentUrl":"https:\/\/justwondering.io\/wp-content\/uploads\/2022\/11\/JW-logo.png","width":1000,"height":300,"caption":"just wondering..."},"image":{"@id":"https:\/\/justwondering.io\/#\/schema\/logo\/image\/"},"sameAs":["https:\/\/www.facebook.com\/justwonderingyt","https:\/\/x.com\/justwonderingyt","https:\/\/www.youtube.com\/c\/justwondering","https:\/\/www.instagram.com\/justwondering.io\/"]}]}},"_links":{"self":[{"href":"https:\/\/justwondering.io\/ro\/wp-json\/wp\/v2\/pages\/665","targetHints":{"allow":["GET"]}}],"collection":[{"href":"https:\/\/justwondering.io\/ro\/wp-json\/wp\/v2\/pages"}],"about":[{"href":"https:\/\/justwondering.io\/ro\/wp-json\/wp\/v2\/types\/page"}],"author":[{"embeddable":true,"href":"https:\/\/justwondering.io\/ro\/wp-json\/wp\/v2\/users\/1"}],"replies":[{"embeddable":true,"href":"https:\/\/justwondering.io\/ro\/wp-json\/wp\/v2\/comments?post=665"}],"version-history":[{"count":45,"href":"https:\/\/justwondering.io\/ro\/wp-json\/wp\/v2\/pages\/665\/revisions"}],"predecessor-version":[{"id":848,"href":"https:\/\/justwondering.io\/ro\/wp-json\/wp\/v2\/pages\/665\/revisions\/848"}],"wp:attachment":[{"href":"https:\/\/justwondering.io\/ro\/wp-json\/wp\/v2\/media?parent=665"}],"curies":[{"name":"wp","href":"https:\/\/api.w.org\/{rel}","templated":true}]}}